{"id":713,"date":"2022-03-31T09:31:55","date_gmt":"2022-03-31T08:31:55","guid":{"rendered":"http:\/\/computree.onf.fr\/?page_id=713"},"modified":"2025-05-07T11:59:53","modified_gmt":"2025-05-07T10:59:53","slug":"interface-graphique","status":"publish","type":"page","link":"https:\/\/computree.onf.fr\/?page_id=713","title":{"rendered":"Utiliser Computree"},"content":{"rendered":"<p>Cette partie pr\u00e9sente en d\u00e9tails comment utiliser l&rsquo;interface de Computree, \u00e0 l&rsquo;aide d&rsquo;une s\u00e9rie de courtes vid\u00e9os.<\/p>\n<h2>Introduction : d\u00e9couvrir l&rsquo;interface graphique<\/h2>\n<p><\/p>\n<div style=\"display: grid; grid-template-columns: 1fr 3fr; gap: 0px 10px; justify-items: start; justify-content: start; align-items: center; align-content: center;\">\n<p><a href=\"https:\/\/youtu.be\/gtb_diVZAOc\" target=\"_blank\" rel=\"noreferrer noopener\"><img loading=\"lazy\" decoding=\"async\" class=\"alignnone size-medium wp-image-1517\" src=\"https:\/\/computree.onf.fr\/wp-content\/uploads\/2022\/11\/01_organisation_generale-300x169.png\" alt=\"\" width=\"300\" height=\"169\" srcset=\"https:\/\/computree.onf.fr\/wp-content\/uploads\/2022\/11\/01_organisation_generale-300x169.png 300w, https:\/\/computree.onf.fr\/wp-content\/uploads\/2022\/11\/01_organisation_generale-1024x576.png 1024w, https:\/\/computree.onf.fr\/wp-content\/uploads\/2022\/11\/01_organisation_generale-768x432.png 768w, https:\/\/computree.onf.fr\/wp-content\/uploads\/2022\/11\/01_organisation_generale-800x450.png 800w, https:\/\/computree.onf.fr\/wp-content\/uploads\/2022\/11\/01_organisation_generale.png 1280w\" sizes=\"auto, (max-width: 300px) 100vw, 300px\" \/><\/a><\/p>\n<p><strong>Organisation g\u00e9n\u00e9rale de l&rsquo;interface<\/strong><br \/><em>Dans cette vid\u00e9o, nous allons faire le tour des diff\u00e9rentes parties de l&rsquo;interface graphique de Computree et pr\u00e9ciser leur fonction.<\/em><\/p>\n<\/div>\n<h2>Zooms sur &#8230;<\/h2>\n<p><\/p>\n<div style=\"display: grid; grid-template-columns: 1fr 3fr; gap: 0px 10px; justify-items: start; justify-content: start; align-items: center; align-content: center;\">\n<p><a><img loading=\"lazy\" decoding=\"async\" src=\"https:\/\/computree.onf.fr\/wp-content\/uploads\/2022\/11\/Bientot-disponible-300x169.png\" alt=\"\" width=\"300\" height=\"169\" class=\"alignnone size-medium wp-image-1523\" srcset=\"https:\/\/computree.onf.fr\/wp-content\/uploads\/2022\/11\/Bientot-disponible-300x169.png 300w, https:\/\/computree.onf.fr\/wp-content\/uploads\/2022\/11\/Bientot-disponible-1024x576.png 1024w, https:\/\/computree.onf.fr\/wp-content\/uploads\/2022\/11\/Bientot-disponible-768x432.png 768w, https:\/\/computree.onf.fr\/wp-content\/uploads\/2022\/11\/Bientot-disponible-800x450.png 800w, https:\/\/computree.onf.fr\/wp-content\/uploads\/2022\/11\/Bientot-disponible.png 1280w\" sizes=\"auto, (max-width: 300px) 100vw, 300px\" \/><\/a><\/p>\n<p><strong>Cr\u00e9er une cha\u00eene de traitement<\/strong><br \/><em>Dans cette vid\u00e9o, nous allons voir comment cr\u00e9er une cha\u00eene de traitement \u00e0 l&rsquo;aide du gestionnaire d&rsquo;\u00e9tapes et du menu des \u00e9tapes.<\/em><\/p>\n<\/div>\n<p><\/p>\n<div style=\"display: grid; grid-template-columns: 1fr 3fr; gap: 0px 10px; justify-items: start; justify-content: start; align-items: center; align-content: center;\">\n<p><a><img loading=\"lazy\" decoding=\"async\" src=\"https:\/\/computree.onf.fr\/wp-content\/uploads\/2022\/11\/Bientot-disponible-300x169.png\" alt=\"\" width=\"300\" height=\"169\" class=\"alignnone size-medium wp-image-1523\" srcset=\"https:\/\/computree.onf.fr\/wp-content\/uploads\/2022\/11\/Bientot-disponible-300x169.png 300w, https:\/\/computree.onf.fr\/wp-content\/uploads\/2022\/11\/Bientot-disponible-1024x576.png 1024w, https:\/\/computree.onf.fr\/wp-content\/uploads\/2022\/11\/Bientot-disponible-768x432.png 768w, https:\/\/computree.onf.fr\/wp-content\/uploads\/2022\/11\/Bientot-disponible-800x450.png 800w, https:\/\/computree.onf.fr\/wp-content\/uploads\/2022\/11\/Bientot-disponible.png 1280w\" sizes=\"auto, (max-width: 300px) 100vw, 300px\" \/><\/a><\/p>\n<p><strong>G\u00e9rer et afficher les donn\u00e9es<\/strong><br \/><em>Dans cette vid\u00e9o, nous allons \u00e9tudier plus en d\u00e9tail le fonctionnement du gestionnaire de mod\u00e8les et du configurateur d&rsquo;items.<\/em><\/p>\n<\/div>\n<p><\/p>\n<div style=\"display: grid; grid-template-columns: 1fr 3fr; gap: 0px 10px; justify-items: start; justify-content: start; align-items: center; align-content: center;\">\n<p><a><img loading=\"lazy\" decoding=\"async\" src=\"https:\/\/computree.onf.fr\/wp-content\/uploads\/2022\/11\/Bientot-disponible-300x169.png\" alt=\"\" width=\"300\" height=\"169\" class=\"alignnone size-medium wp-image-1523\" srcset=\"https:\/\/computree.onf.fr\/wp-content\/uploads\/2022\/11\/Bientot-disponible-300x169.png 300w, https:\/\/computree.onf.fr\/wp-content\/uploads\/2022\/11\/Bientot-disponible-1024x576.png 1024w, https:\/\/computree.onf.fr\/wp-content\/uploads\/2022\/11\/Bientot-disponible-768x432.png 768w, https:\/\/computree.onf.fr\/wp-content\/uploads\/2022\/11\/Bientot-disponible-800x450.png 800w, https:\/\/computree.onf.fr\/wp-content\/uploads\/2022\/11\/Bientot-disponible.png 1280w\" sizes=\"auto, (max-width: 300px) 100vw, 300px\" \/><\/a><\/p>\n<p><strong>Les vues 3D en d\u00e9tails<\/strong><br \/><em>Dans cette vid\u00e9o, nous allons d\u00e9tailler les fonctionnalit\u00e9s des vues 3D.<\/em><\/p>\n<\/div>\n<p><\/p>\n<div style=\"display: grid; grid-template-columns: 1fr 3fr; gap: 0px 10px; justify-items: start; justify-content: start; align-items: center; align-content: center;\">\n<p><a><img loading=\"lazy\" decoding=\"async\" src=\"https:\/\/computree.onf.fr\/wp-content\/uploads\/2022\/11\/Bientot-disponible-300x169.png\" alt=\"\" width=\"300\" height=\"169\" class=\"alignnone size-medium wp-image-1523\" srcset=\"https:\/\/computree.onf.fr\/wp-content\/uploads\/2022\/11\/Bientot-disponible-300x169.png 300w, https:\/\/computree.onf.fr\/wp-content\/uploads\/2022\/11\/Bientot-disponible-1024x576.png 1024w, https:\/\/computree.onf.fr\/wp-content\/uploads\/2022\/11\/Bientot-disponible-768x432.png 768w, https:\/\/computree.onf.fr\/wp-content\/uploads\/2022\/11\/Bientot-disponible-800x450.png 800w, https:\/\/computree.onf.fr\/wp-content\/uploads\/2022\/11\/Bientot-disponible.png 1280w\" sizes=\"auto, (max-width: 300px) 100vw, 300px\" \/><\/a><\/p>\n<p><strong>La s\u00e9lection interactive<\/strong><br \/><em>Dans cette vid\u00e9o, nous allons voir comment s\u00e9lectionner des donn\u00e9es et les exporter de fa\u00e7on interactive, dans une vue 3D.<\/em><\/p>\n<\/div>\n<p><\/p>\n<div style=\"display: grid; grid-template-columns: 1fr 3fr; gap: 0px 10px; justify-items: start; justify-content: start; align-items: center; align-content: center;\">\n<p><a><img loading=\"lazy\" decoding=\"async\" src=\"https:\/\/computree.onf.fr\/wp-content\/uploads\/2022\/11\/Bientot-disponible-300x169.png\" alt=\"\" width=\"300\" height=\"169\" class=\"alignnone size-medium wp-image-1523\" srcset=\"https:\/\/computree.onf.fr\/wp-content\/uploads\/2022\/11\/Bientot-disponible-300x169.png 300w, https:\/\/computree.onf.fr\/wp-content\/uploads\/2022\/11\/Bientot-disponible-1024x576.png 1024w, https:\/\/computree.onf.fr\/wp-content\/uploads\/2022\/11\/Bientot-disponible-768x432.png 768w, https:\/\/computree.onf.fr\/wp-content\/uploads\/2022\/11\/Bientot-disponible-800x450.png 800w, https:\/\/computree.onf.fr\/wp-content\/uploads\/2022\/11\/Bientot-disponible.png 1280w\" sizes=\"auto, (max-width: 300px) 100vw, 300px\" \/><\/a><\/p>\n<p><strong>Les vues tabulaires en d\u00e9tails<\/strong><br \/><em>Dans cette vid\u00e9o, nous allons d\u00e9tailler les fonctionnalit\u00e9s des vues tabulaires.<\/em><\/p>\n<\/div>\n<h2>Pour aller plus loin<\/h2>\n<p><\/p>\n<div style=\"display: grid; grid-template-columns: 1fr 3fr; gap: 0px 10px; justify-items: start; justify-content: start; align-items: center; align-content: center;\">\n<p><a><img loading=\"lazy\" decoding=\"async\" src=\"https:\/\/computree.onf.fr\/wp-content\/uploads\/2022\/11\/Bientot-disponible-300x169.png\" alt=\"\" width=\"300\" height=\"169\" class=\"alignnone size-medium wp-image-1523\" srcset=\"https:\/\/computree.onf.fr\/wp-content\/uploads\/2022\/11\/Bientot-disponible-300x169.png 300w, https:\/\/computree.onf.fr\/wp-content\/uploads\/2022\/11\/Bientot-disponible-1024x576.png 1024w, https:\/\/computree.onf.fr\/wp-content\/uploads\/2022\/11\/Bientot-disponible-768x432.png 768w, https:\/\/computree.onf.fr\/wp-content\/uploads\/2022\/11\/Bientot-disponible-800x450.png 800w, https:\/\/computree.onf.fr\/wp-content\/uploads\/2022\/11\/Bientot-disponible.png 1280w\" sizes=\"auto, (max-width: 300px) 100vw, 300px\" \/><\/a><\/p>\n<p><strong>Traitements par lots<\/strong><br \/><em>Dans cette vid\u00e9o, nous allons voir comment appliquer une cha\u00eene de traitement \u00e0 un lot de fichiers.<\/em><\/p>\n<\/div>\n<p><\/p>\n<div style=\"display: grid; grid-template-columns: 1fr 3fr; gap: 0px 10px; justify-items: start; justify-content: start; align-items: center; align-content: center;\">\n<p><a><img loading=\"lazy\" decoding=\"async\" src=\"https:\/\/computree.onf.fr\/wp-content\/uploads\/2022\/11\/Bientot-disponible-300x169.png\" alt=\"\" width=\"300\" height=\"169\" class=\"alignnone size-medium wp-image-1523\" srcset=\"https:\/\/computree.onf.fr\/wp-content\/uploads\/2022\/11\/Bientot-disponible-300x169.png 300w, https:\/\/computree.onf.fr\/wp-content\/uploads\/2022\/11\/Bientot-disponible-1024x576.png 1024w, https:\/\/computree.onf.fr\/wp-content\/uploads\/2022\/11\/Bientot-disponible-768x432.png 768w, https:\/\/computree.onf.fr\/wp-content\/uploads\/2022\/11\/Bientot-disponible-800x450.png 800w, https:\/\/computree.onf.fr\/wp-content\/uploads\/2022\/11\/Bientot-disponible.png 1280w\" sizes=\"auto, (max-width: 300px) 100vw, 300px\" \/><\/a><\/p>\n<p><strong>G\u00e9rer ses favoris d&rsquo;\u00e9tapes<\/strong><br \/><em>Dans cette vid\u00e9o, nous allons voir comment organiser son menu de favoris d&rsquo;\u00e9tapes.<\/em><\/p>\n<\/div>\n<p><\/p>\n<div style=\"display: grid; grid-template-columns: 1fr 3fr; gap: 0px 10px; justify-items: start; justify-content: start; align-items: center; align-content: center;\">\n<p><a><img loading=\"lazy\" decoding=\"async\" src=\"https:\/\/computree.onf.fr\/wp-content\/uploads\/2022\/11\/Bientot-disponible-300x169.png\" alt=\"\" width=\"300\" height=\"169\" class=\"alignnone size-medium wp-image-1523\" srcset=\"https:\/\/computree.onf.fr\/wp-content\/uploads\/2022\/11\/Bientot-disponible-300x169.png 300w, https:\/\/computree.onf.fr\/wp-content\/uploads\/2022\/11\/Bientot-disponible-1024x576.png 1024w, https:\/\/computree.onf.fr\/wp-content\/uploads\/2022\/11\/Bientot-disponible-768x432.png 768w, https:\/\/computree.onf.fr\/wp-content\/uploads\/2022\/11\/Bientot-disponible-800x450.png 800w, https:\/\/computree.onf.fr\/wp-content\/uploads\/2022\/11\/Bientot-disponible.png 1280w\" sizes=\"auto, (max-width: 300px) 100vw, 300px\" \/><\/a><\/p>\n<p><strong>Le mode debug<\/strong><br \/><em>Dans cette vid\u00e9o, nous allons voir comment utiliser le mode d\u00e9bug, qui permet de faire des points d&rsquo;arr\u00eat en cours de traitement.<\/em><\/p>\n<\/div>\n<p><\/p>\n<div style=\"display: grid; grid-template-columns: 1fr 3fr; gap: 0px 10px; justify-items: start; justify-content: start; align-items: center; align-content: center;\">\n<p><a><img loading=\"lazy\" decoding=\"async\" src=\"https:\/\/computree.onf.fr\/wp-content\/uploads\/2022\/11\/Bientot-disponible-300x169.png\" alt=\"\" width=\"300\" height=\"169\" class=\"alignnone size-medium wp-image-1523\" srcset=\"https:\/\/computree.onf.fr\/wp-content\/uploads\/2022\/11\/Bientot-disponible-300x169.png 300w, https:\/\/computree.onf.fr\/wp-content\/uploads\/2022\/11\/Bientot-disponible-1024x576.png 1024w, https:\/\/computree.onf.fr\/wp-content\/uploads\/2022\/11\/Bientot-disponible-768x432.png 768w, https:\/\/computree.onf.fr\/wp-content\/uploads\/2022\/11\/Bientot-disponible-800x450.png 800w, https:\/\/computree.onf.fr\/wp-content\/uploads\/2022\/11\/Bientot-disponible.png 1280w\" sizes=\"auto, (max-width: 300px) 100vw, 300px\" \/><\/a><\/p>\n<p><strong>Utiliser le mode batch<\/strong><br \/><em>Dans cette vid\u00e9o, nous allons voir comment utiliser le mode batch, qui permet d&rsquo;executer un script Computree en ligne de commande<\/em><\/p>\n<\/div>\n","protected":false},"excerpt":{"rendered":"<p>Cette partie pr\u00e9sente en d\u00e9tails comment utiliser l&rsquo;interface de Computree, \u00e0 l&rsquo;aide d&rsquo;une s\u00e9rie de courtes vid\u00e9os. Introduction : d\u00e9couvrir l&rsquo;interface graphique Organisation g\u00e9n\u00e9rale de l&rsquo;interfaceDans cette vid\u00e9o, nous allons faire le tour des diff\u00e9rentes parties de l&rsquo;interface graphique de Computree et pr\u00e9ciser leur fonction. Zooms sur &#8230; Cr\u00e9er une cha\u00eene de traitementDans cette vid\u00e9o, [&hellip;]<\/p>\n","protected":false},"author":1,"featured_media":0,"parent":0,"menu_order":0,"comment_status":"closed","ping_status":"closed","template":"","meta":{"ocean_post_layout":"","ocean_both_sidebars_style":"","ocean_both_sidebars_content_width":0,"ocean_both_sidebars_sidebars_width":0,"ocean_sidebar":"0","ocean_second_sidebar":"0","ocean_disable_margins":"enable","ocean_add_body_class":"","ocean_shortcode_before_top_bar":"","ocean_shortcode_after_top_bar":"","ocean_shortcode_before_header":"","ocean_shortcode_after_header":"","ocean_has_shortcode":"","ocean_shortcode_after_title":"","ocean_shortcode_before_footer_widgets":"","ocean_shortcode_after_footer_widgets":"","ocean_shortcode_before_footer_bottom":"","ocean_shortcode_after_footer_bottom":"","ocean_display_top_bar":"default","ocean_display_header":"default","ocean_header_style":"","ocean_center_header_left_menu":"0","ocean_custom_header_template":"0","ocean_custom_logo":0,"ocean_custom_retina_logo":0,"ocean_custom_logo_max_width":0,"ocean_custom_logo_tablet_max_width":0,"ocean_custom_logo_mobile_max_width":0,"ocean_custom_logo_max_height":0,"ocean_custom_logo_tablet_max_height":0,"ocean_custom_logo_mobile_max_height":0,"ocean_header_custom_menu":"0","ocean_menu_typo_font_family":"0","ocean_menu_typo_font_subset":"","ocean_menu_typo_font_size":0,"ocean_menu_typo_font_size_tablet":0,"ocean_menu_typo_font_size_mobile":0,"ocean_menu_typo_font_size_unit":"px","ocean_menu_typo_font_weight":"","ocean_menu_typo_font_weight_tablet":"","ocean_menu_typo_font_weight_mobile":"","ocean_menu_typo_transform":"","ocean_menu_typo_transform_tablet":"","ocean_menu_typo_transform_mobile":"","ocean_menu_typo_line_height":0,"ocean_menu_typo_line_height_tablet":0,"ocean_menu_typo_line_height_mobile":0,"ocean_menu_typo_line_height_unit":"","ocean_menu_typo_spacing":0,"ocean_menu_typo_spacing_tablet":0,"ocean_menu_typo_spacing_mobile":0,"ocean_menu_typo_spacing_unit":"","ocean_menu_link_color":"","ocean_menu_link_color_hover":"","ocean_menu_link_color_active":"","ocean_menu_link_background":"","ocean_menu_link_hover_background":"","ocean_menu_link_active_background":"","ocean_menu_social_links_bg":"","ocean_menu_social_hover_links_bg":"","ocean_menu_social_links_color":"","ocean_menu_social_hover_links_color":"","ocean_disable_title":"default","ocean_disable_heading":"default","ocean_post_title":"","ocean_post_subheading":"","ocean_post_title_style":"","ocean_post_title_background_color":"","ocean_post_title_background":0,"ocean_post_title_bg_image_position":"","ocean_post_title_bg_image_attachment":"","ocean_post_title_bg_image_repeat":"","ocean_post_title_bg_image_size":"","ocean_post_title_height":0,"ocean_post_title_bg_overlay":0.5,"ocean_post_title_bg_overlay_color":"","ocean_disable_breadcrumbs":"default","ocean_breadcrumbs_color":"","ocean_breadcrumbs_separator_color":"","ocean_breadcrumbs_links_color":"","ocean_breadcrumbs_links_hover_color":"","ocean_display_footer_widgets":"default","ocean_display_footer_bottom":"default","ocean_custom_footer_template":"0","footnotes":""},"folder":[137],"class_list":["post-713","page","type-page","status-publish","hentry","entry"],"yoast_head":"<!-- This site is optimized with the Yoast SEO plugin v22.6 - https:\/\/yoast.com\/wordpress\/plugins\/seo\/ -->\n<title>Utiliser Computree - Computree<\/title>\n<meta name=\"robots\" content=\"index, follow, max-snippet:-1, max-image-preview:large, max-video-preview:-1\" \/>\n<link rel=\"canonical\" href=\"https:\/\/computree.onf.fr\/?page_id=713\" \/>\n<meta property=\"og:locale\" content=\"fr_FR\" \/>\n<meta property=\"og:type\" content=\"article\" \/>\n<meta property=\"og:title\" content=\"Utiliser Computree - Computree\" \/>\n<meta property=\"og:description\" content=\"Cette partie pr\u00e9sente en d\u00e9tails comment utiliser l&rsquo;interface de Computree, \u00e0 l&rsquo;aide d&rsquo;une s\u00e9rie de courtes vid\u00e9os. Introduction : d\u00e9couvrir l&rsquo;interface graphique Organisation g\u00e9n\u00e9rale de l&rsquo;interfaceDans cette vid\u00e9o, nous allons faire le tour des diff\u00e9rentes parties de l&rsquo;interface graphique de Computree et pr\u00e9ciser leur fonction. Zooms sur &#8230; Cr\u00e9er une cha\u00eene de traitementDans cette vid\u00e9o, [&hellip;]\" \/>\n<meta property=\"og:url\" content=\"https:\/\/computree.onf.fr\/?page_id=713\" \/>\n<meta property=\"og:site_name\" content=\"Computree\" \/>\n<meta property=\"article:modified_time\" content=\"2025-05-07T10:59:53+00:00\" \/>\n<meta property=\"og:image\" content=\"https:\/\/computree.onf.fr\/wp-content\/uploads\/2022\/11\/01_organisation_generale-300x169.png\" \/>\n<meta name=\"twitter:card\" content=\"summary_large_image\" \/>\n<meta name=\"twitter:label1\" content=\"Dur\u00e9e de lecture estim\u00e9e\" \/>\n\t<meta name=\"twitter:data1\" content=\"4 minutes\" \/>\n<script type=\"application\/ld+json\" class=\"yoast-schema-graph\">{\"@context\":\"https:\/\/schema.org\",\"@graph\":[{\"@type\":\"WebPage\",\"@id\":\"https:\/\/computree.onf.fr\/?page_id=713\",\"url\":\"https:\/\/computree.onf.fr\/?page_id=713\",\"name\":\"Utiliser Computree - Computree\",\"isPartOf\":{\"@id\":\"https:\/\/computree.onf.fr\/#website\"},\"primaryImageOfPage\":{\"@id\":\"https:\/\/computree.onf.fr\/?page_id=713#primaryimage\"},\"image\":{\"@id\":\"https:\/\/computree.onf.fr\/?page_id=713#primaryimage\"},\"thumbnailUrl\":\"https:\/\/computree.onf.fr\/wp-content\/uploads\/2022\/11\/01_organisation_generale-300x169.png\",\"datePublished\":\"2022-03-31T08:31:55+00:00\",\"dateModified\":\"2025-05-07T10:59:53+00:00\",\"breadcrumb\":{\"@id\":\"https:\/\/computree.onf.fr\/?page_id=713#breadcrumb\"},\"inLanguage\":\"fr-FR\",\"potentialAction\":[{\"@type\":\"ReadAction\",\"target\":[\"https:\/\/computree.onf.fr\/?page_id=713\"]}]},{\"@type\":\"ImageObject\",\"inLanguage\":\"fr-FR\",\"@id\":\"https:\/\/computree.onf.fr\/?page_id=713#primaryimage\",\"url\":\"https:\/\/computree.onf.fr\/wp-content\/uploads\/2022\/11\/01_organisation_generale.png\",\"contentUrl\":\"https:\/\/computree.onf.fr\/wp-content\/uploads\/2022\/11\/01_organisation_generale.png\",\"width\":1280,\"height\":720},{\"@type\":\"BreadcrumbList\",\"@id\":\"https:\/\/computree.onf.fr\/?page_id=713#breadcrumb\",\"itemListElement\":[{\"@type\":\"ListItem\",\"position\":1,\"name\":\"Accueil\",\"item\":\"https:\/\/computree.onf.fr\/?page_id=497\"},{\"@type\":\"ListItem\",\"position\":2,\"name\":\"Utiliser Computree\"}]},{\"@type\":\"WebSite\",\"@id\":\"https:\/\/computree.onf.fr\/#website\",\"url\":\"https:\/\/computree.onf.fr\/\",\"name\":\"Computree\",\"description\":\"\",\"potentialAction\":[{\"@type\":\"SearchAction\",\"target\":{\"@type\":\"EntryPoint\",\"urlTemplate\":\"https:\/\/computree.onf.fr\/?s={search_term_string}\"},\"query-input\":\"required name=search_term_string\"}],\"inLanguage\":\"fr-FR\"}]}<\/script>\n<!-- \/ Yoast SEO plugin. -->","yoast_head_json":{"title":"Utiliser Computree - Computree","robots":{"index":"index","follow":"follow","max-snippet":"max-snippet:-1","max-image-preview":"max-image-preview:large","max-video-preview":"max-video-preview:-1"},"canonical":"https:\/\/computree.onf.fr\/?page_id=713","og_locale":"fr_FR","og_type":"article","og_title":"Utiliser Computree - Computree","og_description":"Cette partie pr\u00e9sente en d\u00e9tails comment utiliser l&rsquo;interface de Computree, \u00e0 l&rsquo;aide d&rsquo;une s\u00e9rie de courtes vid\u00e9os. Introduction : d\u00e9couvrir l&rsquo;interface graphique Organisation g\u00e9n\u00e9rale de l&rsquo;interfaceDans cette vid\u00e9o, nous allons faire le tour des diff\u00e9rentes parties de l&rsquo;interface graphique de Computree et pr\u00e9ciser leur fonction. Zooms sur &#8230; Cr\u00e9er une cha\u00eene de traitementDans cette vid\u00e9o, [&hellip;]","og_url":"https:\/\/computree.onf.fr\/?page_id=713","og_site_name":"Computree","article_modified_time":"2025-05-07T10:59:53+00:00","og_image":[{"url":"https:\/\/computree.onf.fr\/wp-content\/uploads\/2022\/11\/01_organisation_generale-300x169.png"}],"twitter_card":"summary_large_image","twitter_misc":{"Dur\u00e9e de lecture estim\u00e9e":"4 minutes"},"schema":{"@context":"https:\/\/schema.org","@graph":[{"@type":"WebPage","@id":"https:\/\/computree.onf.fr\/?page_id=713","url":"https:\/\/computree.onf.fr\/?page_id=713","name":"Utiliser Computree - Computree","isPartOf":{"@id":"https:\/\/computree.onf.fr\/#website"},"primaryImageOfPage":{"@id":"https:\/\/computree.onf.fr\/?page_id=713#primaryimage"},"image":{"@id":"https:\/\/computree.onf.fr\/?page_id=713#primaryimage"},"thumbnailUrl":"https:\/\/computree.onf.fr\/wp-content\/uploads\/2022\/11\/01_organisation_generale-300x169.png","datePublished":"2022-03-31T08:31:55+00:00","dateModified":"2025-05-07T10:59:53+00:00","breadcrumb":{"@id":"https:\/\/computree.onf.fr\/?page_id=713#breadcrumb"},"inLanguage":"fr-FR","potentialAction":[{"@type":"ReadAction","target":["https:\/\/computree.onf.fr\/?page_id=713"]}]},{"@type":"ImageObject","inLanguage":"fr-FR","@id":"https:\/\/computree.onf.fr\/?page_id=713#primaryimage","url":"https:\/\/computree.onf.fr\/wp-content\/uploads\/2022\/11\/01_organisation_generale.png","contentUrl":"https:\/\/computree.onf.fr\/wp-content\/uploads\/2022\/11\/01_organisation_generale.png","width":1280,"height":720},{"@type":"BreadcrumbList","@id":"https:\/\/computree.onf.fr\/?page_id=713#breadcrumb","itemListElement":[{"@type":"ListItem","position":1,"name":"Accueil","item":"https:\/\/computree.onf.fr\/?page_id=497"},{"@type":"ListItem","position":2,"name":"Utiliser Computree"}]},{"@type":"WebSite","@id":"https:\/\/computree.onf.fr\/#website","url":"https:\/\/computree.onf.fr\/","name":"Computree","description":"","potentialAction":[{"@type":"SearchAction","target":{"@type":"EntryPoint","urlTemplate":"https:\/\/computree.onf.fr\/?s={search_term_string}"},"query-input":"required name=search_term_string"}],"inLanguage":"fr-FR"}]}},"_links":{"self":[{"href":"https:\/\/computree.onf.fr\/index.php?rest_route=\/wp\/v2\/pages\/713","targetHints":{"allow":["GET"]}}],"collection":[{"href":"https:\/\/computree.onf.fr\/index.php?rest_route=\/wp\/v2\/pages"}],"about":[{"href":"https:\/\/computree.onf.fr\/index.php?rest_route=\/wp\/v2\/types\/page"}],"author":[{"embeddable":true,"href":"https:\/\/computree.onf.fr\/index.php?rest_route=\/wp\/v2\/users\/1"}],"replies":[{"embeddable":true,"href":"https:\/\/computree.onf.fr\/index.php?rest_route=%2Fwp%2Fv2%2Fcomments&post=713"}],"version-history":[{"count":38,"href":"https:\/\/computree.onf.fr\/index.php?rest_route=\/wp\/v2\/pages\/713\/revisions"}],"predecessor-version":[{"id":1852,"href":"https:\/\/computree.onf.fr\/index.php?rest_route=\/wp\/v2\/pages\/713\/revisions\/1852"}],"wp:attachment":[{"href":"https:\/\/computree.onf.fr\/index.php?rest_route=%2Fwp%2Fv2%2Fmedia&parent=713"}],"wp:term":[{"taxonomy":"folder","embeddable":true,"href":"https:\/\/computree.onf.fr\/index.php?rest_route=%2Fwp%2Fv2%2Ffolder&post=713"}],"curies":[{"name":"wp","href":"https:\/\/api.w.org\/{rel}","templated":true}]}}