{"id":711,"date":"2022-03-31T09:31:40","date_gmt":"2022-03-31T08:31:40","guid":{"rendered":"http:\/\/computree.onf.fr\/?page_id=711"},"modified":"2022-09-07T16:08:14","modified_gmt":"2022-09-07T15:08:14","slug":"apercu","status":"publish","type":"page","link":"https:\/\/computree.onf.fr\/?page_id=711","title":{"rendered":"Aper\u00e7u"},"content":{"rendered":"<h2>Qu&rsquo;est-ce que Computree ?<\/h2>\n<p>Computree est une plateforme de <strong>traitement de donn\u00e9es 3D<\/strong>, orient\u00e9e vers l&rsquo;analyse de donn\u00e9es en milieux naturel, et plus particuli\u00e8rement en milieux forestiers. <\/p>\n<p>Son objectif principal est de permettre, \u00e0 partir de donn\u00e9es issues de t\u00e9l\u00e9detection, de mettre en oeuvre des cha\u00eenes de traitement permettant d&rsquo;extraire ou de calculer des informations utiles pour la caract\u00e9risation et l&rsquo;\u00e9tude des milieux. <\/p>\n<p>La plateforme peut g\u00e9rer de <strong>nombreux types de donn\u00e9es<\/strong> : nuages de points, primitives g\u00e9om\u00e9triques 3D (cylindres, sph\u00e8res, polylignes,&#8230;), formats SIG de type Raster ou Vecteur, maillages 3D,&#8230; <\/p>\n<p>La logique de la plateforme est de <strong>permettre \u00e0 l&rsquo;utilisateur de composer une cha\u00eene de traitement en encha\u00eenant des \u00e9tapes de traitement unitaires<\/strong>. <\/p>\n<p>A titre d&rsquo;exemple, voici une cha\u00eene de traitement assez simple adapt\u00e9e \u00e0 des donn\u00e9es LIDAR a\u00e9roport\u00e9 :<\/p>\n<ul>\n<li>Chargement d&rsquo;un nuage de points au format LAS<\/li>\n<li>Filtrage des point sols<\/li>\n<li>Cr\u00e9ation d&rsquo;un TIN (Triangulated Irregular Network)<\/li>\n<li>Conversion en Mod\u00e8le Num\u00e9rique de terrain (MNT, raster)<\/li>\n<li>Export du MNT au format Geotiff<\/li>\n<\/ul>\n<p>La philosophie est d&rsquo;avoir des \u00e9tapes de traitement r\u00e9alisant chacune une fonction pr\u00e9cise et cibl\u00e9e, de fa\u00e7on \u00e0 ce qu&rsquo;elles soient les plus g\u00e9n\u00e9riques et r\u00e9utilisables possibles. <\/p>\n<h2>Organisation de la plateforme<\/h2>\n<p>Computree est organis\u00e9e de fa\u00e7on modulaire, afin de faciliter son enrichissement par la communaut\u00e9. Ainsi la plateforme en elle-m\u00eame est compos\u00e9e des <strong>\u00e9l\u00e9ments centraux<\/strong> suivants :<\/p>\n<ul>\n<li>Des <strong>librairies coeur<\/strong>, en charge de la gestion des traitements, et proposants toutes les structures et fonctionnalit\u00e9s communes<\/li>\n<li>Une <strong>interface graphique<\/strong> permettant la cr\u00e9ation, l&rsquo;ex\u00e9cution et l&rsquo;analyse interactive de cha\u00eenes de traitements<\/li>\n<li>Une <strong>interface batch<\/strong> permettant l&rsquo;ex\u00e9cution de cha\u00eenes de traitement en mode commande, sans interface graphique<\/li>\n<\/ul>\n<p>Tous les \u00e9l\u00e9ments centraux sont sous licence open-source LGPL.<\/p>\n<p>Les fonctionnalit\u00e9s de traitement en elles-m\u00eames, c&rsquo;est \u00e0 dire les \u00e9tapes de taitements, mais aussi par exemple les formats d&rsquo;import-export, sont regroup\u00e9s dans des <strong>plugins<\/strong>. <strong>Les plugins sont ind\u00e9pendants les uns des autres en terme de d\u00e9veloppement, mais peuvent \u00eatre utilis\u00e9s conjointement dans les cha\u00eenes de traitements<\/strong>. <\/p>\n<p>Certains plugins proposant les fonctionnalit\u00e9s de base sont distribu\u00e9s syst\u00e9matiquement avec la plateforme, et \u00e0 ce titre sont rattach\u00e9s aux \u00e9l\u00e9ments centraux. Mais la plupart sont d\u00e9velopp\u00e9s par les \u00e9quipes ou personnes souhaitant contribuer \u00e0 enrichir Computree. La licence de chaque plugin est laiss\u00e9e au choix de ses auteurs, m\u00eame si les licences open-sources sont fortement encourag\u00e9es. Par exemple, le d\u00e9partement R&#038;D de l&rsquo;Office National des For\u00eats (France) propose en licence LGPL un plugin regroupant ses travaux sur le LIDAR a\u00e9roport\u00e9 et le LIDAR terrestre (plus d&rsquo;une centaine d&rsquo;\u00e9tapes de traitement). Sous r\u00e9serve d&rsquo;accord de leur auteurs, la distribution standard de Computree inclue tous les plugins open-source r\u00e9f\u00e9renc\u00e9s. <\/p>\n<h2>Caract\u00e9ristiques principales<\/h2>\n<p>L&rsquo;utilisation de Computree ne n\u00e9cessite aucune comp\u00e9tence en programmation, toutes les op\u00e9rations pouvant \u00eatre r\u00e9alis\u00e9e via l&rsquo;interface graphique. <\/p>\n<p>Computree est d\u00e9velopp\u00e9e en <strong>C++<\/strong> \u00e0 l&rsquo;aide du <strong>framework Qt<\/strong>. Cela permet en particulier d&rsquo;obtenir des perfomances de traitement optimales. <\/p>\n<p>Computree est disponible sous <strong>Windows, Ubuntu et Mac OS<\/strong>, et propose deux modes de d\u00e9ploiement : via un <strong>installeur<\/strong>, ou en <strong>version portable<\/strong> (dossier \u00e0 d\u00e9compresser).<\/p>\n<p>Tous les \u00e9l\u00e9ments centraux de la plateforme, et l&rsquo;immense majorit\u00e9 des plugins actuellement disponibles sont sous <strong>licence open-source LGPL<\/strong>. <\/p>\n<p>Le financement, la gestion et la maintenance de la plateforme (\u00e9l\u00e9ments centraux et support aux utilisateurs et cr\u00e9ateurs de plugins) sont assur\u00e9s par le <strong>Groupe Computree<\/strong>, compos\u00e9 de plusieurs organismes publiques li\u00e9s \u00e0 la gestion foresti\u00e8re en France et au Qu\u00e9bec. Cela permet de s\u00e9curiser la disponibilit\u00e9 de la plateforme dans la dur\u00e9e. La groupe Computree est ouvert et peut \u00e0 l&rsquo;avenir accueillir de nouveaux membres souhaitant participer \u00e0 la gestion et l&rsquo;\u00e9volution de Computree. <\/p>\n","protected":false},"excerpt":{"rendered":"<p>Qu&rsquo;est-ce que Computree ? Computree est une plateforme de traitement de donn\u00e9es 3D, orient\u00e9e vers l&rsquo;analyse de donn\u00e9es en milieux naturel, et plus particuli\u00e8rement en milieux forestiers. Son objectif principal est de permettre, \u00e0 partir de donn\u00e9es issues de t\u00e9l\u00e9detection, de mettre en oeuvre des cha\u00eenes de traitement permettant d&rsquo;extraire ou de calculer des informations [&hellip;]<\/p>\n","protected":false},"author":1,"featured_media":0,"parent":0,"menu_order":0,"comment_status":"closed","ping_status":"closed","template":"","meta":{"ocean_post_layout":"","ocean_both_sidebars_style":"","ocean_both_sidebars_content_width":0,"ocean_both_sidebars_sidebars_width":0,"ocean_sidebar":"0","ocean_second_sidebar":"0","ocean_disable_margins":"enable","ocean_add_body_class":"","ocean_shortcode_before_top_bar":"","ocean_shortcode_after_top_bar":"","ocean_shortcode_before_header":"","ocean_shortcode_after_header":"","ocean_has_shortcode":"","ocean_shortcode_after_title":"","ocean_shortcode_before_footer_widgets":"","ocean_shortcode_after_footer_widgets":"","ocean_shortcode_before_footer_bottom":"","ocean_shortcode_after_footer_bottom":"","ocean_display_top_bar":"default","ocean_display_header":"default","ocean_header_style":"","ocean_center_header_left_menu":"0","ocean_custom_header_template":"0","ocean_custom_logo":0,"ocean_custom_retina_logo":0,"ocean_custom_logo_max_width":0,"ocean_custom_logo_tablet_max_width":0,"ocean_custom_logo_mobile_max_width":0,"ocean_custom_logo_max_height":0,"ocean_custom_logo_tablet_max_height":0,"ocean_custom_logo_mobile_max_height":0,"ocean_header_custom_menu":"0","ocean_menu_typo_font_family":"0","ocean_menu_typo_font_subset":"","ocean_menu_typo_font_size":0,"ocean_menu_typo_font_size_tablet":0,"ocean_menu_typo_font_size_mobile":0,"ocean_menu_typo_font_size_unit":"px","ocean_menu_typo_font_weight":"","ocean_menu_typo_font_weight_tablet":"","ocean_menu_typo_font_weight_mobile":"","ocean_menu_typo_transform":"","ocean_menu_typo_transform_tablet":"","ocean_menu_typo_transform_mobile":"","ocean_menu_typo_line_height":0,"ocean_menu_typo_line_height_tablet":0,"ocean_menu_typo_line_height_mobile":0,"ocean_menu_typo_line_height_unit":"","ocean_menu_typo_spacing":0,"ocean_menu_typo_spacing_tablet":0,"ocean_menu_typo_spacing_mobile":0,"ocean_menu_typo_spacing_unit":"","ocean_menu_link_color":"","ocean_menu_link_color_hover":"","ocean_menu_link_color_active":"","ocean_menu_link_background":"","ocean_menu_link_hover_background":"","ocean_menu_link_active_background":"","ocean_menu_social_links_bg":"","ocean_menu_social_hover_links_bg":"","ocean_menu_social_links_color":"","ocean_menu_social_hover_links_color":"","ocean_disable_title":"default","ocean_disable_heading":"default","ocean_post_title":"","ocean_post_subheading":"","ocean_post_title_style":"","ocean_post_title_background_color":"","ocean_post_title_background":0,"ocean_post_title_bg_image_position":"","ocean_post_title_bg_image_attachment":"","ocean_post_title_bg_image_repeat":"","ocean_post_title_bg_image_size":"","ocean_post_title_height":0,"ocean_post_title_bg_overlay":0.5,"ocean_post_title_bg_overlay_color":"","ocean_disable_breadcrumbs":"default","ocean_breadcrumbs_color":"","ocean_breadcrumbs_separator_color":"","ocean_breadcrumbs_links_color":"","ocean_breadcrumbs_links_hover_color":"","ocean_display_footer_widgets":"default","ocean_display_footer_bottom":"default","ocean_custom_footer_template":"0","footnotes":""},"folder":[137],"class_list":["post-711","page","type-page","status-publish","hentry","entry"],"yoast_head":"<!-- This site is optimized with the Yoast SEO plugin v22.6 - https:\/\/yoast.com\/wordpress\/plugins\/seo\/ -->\n<title>Aper\u00e7u - Computree<\/title>\n<meta name=\"robots\" content=\"index, follow, max-snippet:-1, max-image-preview:large, max-video-preview:-1\" \/>\n<link rel=\"canonical\" href=\"https:\/\/computree.onf.fr\/?page_id=711\" \/>\n<meta property=\"og:locale\" content=\"fr_FR\" \/>\n<meta property=\"og:type\" content=\"article\" \/>\n<meta property=\"og:title\" content=\"Aper\u00e7u - Computree\" \/>\n<meta property=\"og:description\" content=\"Qu&rsquo;est-ce que Computree ? Computree est une plateforme de traitement de donn\u00e9es 3D, orient\u00e9e vers l&rsquo;analyse de donn\u00e9es en milieux naturel, et plus particuli\u00e8rement en milieux forestiers. Son objectif principal est de permettre, \u00e0 partir de donn\u00e9es issues de t\u00e9l\u00e9detection, de mettre en oeuvre des cha\u00eenes de traitement permettant d&rsquo;extraire ou de calculer des informations [&hellip;]\" \/>\n<meta property=\"og:url\" content=\"https:\/\/computree.onf.fr\/?page_id=711\" \/>\n<meta property=\"og:site_name\" content=\"Computree\" \/>\n<meta property=\"article:modified_time\" content=\"2022-09-07T15:08:14+00:00\" \/>\n<meta name=\"twitter:card\" content=\"summary_large_image\" \/>\n<meta name=\"twitter:label1\" content=\"Dur\u00e9e de lecture estim\u00e9e\" \/>\n\t<meta name=\"twitter:data1\" content=\"4 minutes\" \/>\n<script type=\"application\/ld+json\" class=\"yoast-schema-graph\">{\"@context\":\"https:\/\/schema.org\",\"@graph\":[{\"@type\":\"WebPage\",\"@id\":\"https:\/\/computree.onf.fr\/?page_id=711\",\"url\":\"https:\/\/computree.onf.fr\/?page_id=711\",\"name\":\"Aper\u00e7u - Computree\",\"isPartOf\":{\"@id\":\"https:\/\/computree.onf.fr\/#website\"},\"datePublished\":\"2022-03-31T08:31:40+00:00\",\"dateModified\":\"2022-09-07T15:08:14+00:00\",\"breadcrumb\":{\"@id\":\"https:\/\/computree.onf.fr\/?page_id=711#breadcrumb\"},\"inLanguage\":\"fr-FR\",\"potentialAction\":[{\"@type\":\"ReadAction\",\"target\":[\"https:\/\/computree.onf.fr\/?page_id=711\"]}]},{\"@type\":\"BreadcrumbList\",\"@id\":\"https:\/\/computree.onf.fr\/?page_id=711#breadcrumb\",\"itemListElement\":[{\"@type\":\"ListItem\",\"position\":1,\"name\":\"Accueil\",\"item\":\"https:\/\/computree.onf.fr\/?page_id=497\"},{\"@type\":\"ListItem\",\"position\":2,\"name\":\"Aper\u00e7u\"}]},{\"@type\":\"WebSite\",\"@id\":\"https:\/\/computree.onf.fr\/#website\",\"url\":\"https:\/\/computree.onf.fr\/\",\"name\":\"Computree\",\"description\":\"\",\"potentialAction\":[{\"@type\":\"SearchAction\",\"target\":{\"@type\":\"EntryPoint\",\"urlTemplate\":\"https:\/\/computree.onf.fr\/?s={search_term_string}\"},\"query-input\":\"required name=search_term_string\"}],\"inLanguage\":\"fr-FR\"}]}<\/script>\n<!-- \/ Yoast SEO plugin. -->","yoast_head_json":{"title":"Aper\u00e7u - Computree","robots":{"index":"index","follow":"follow","max-snippet":"max-snippet:-1","max-image-preview":"max-image-preview:large","max-video-preview":"max-video-preview:-1"},"canonical":"https:\/\/computree.onf.fr\/?page_id=711","og_locale":"fr_FR","og_type":"article","og_title":"Aper\u00e7u - Computree","og_description":"Qu&rsquo;est-ce que Computree ? Computree est une plateforme de traitement de donn\u00e9es 3D, orient\u00e9e vers l&rsquo;analyse de donn\u00e9es en milieux naturel, et plus particuli\u00e8rement en milieux forestiers. Son objectif principal est de permettre, \u00e0 partir de donn\u00e9es issues de t\u00e9l\u00e9detection, de mettre en oeuvre des cha\u00eenes de traitement permettant d&rsquo;extraire ou de calculer des informations [&hellip;]","og_url":"https:\/\/computree.onf.fr\/?page_id=711","og_site_name":"Computree","article_modified_time":"2022-09-07T15:08:14+00:00","twitter_card":"summary_large_image","twitter_misc":{"Dur\u00e9e de lecture estim\u00e9e":"4 minutes"},"schema":{"@context":"https:\/\/schema.org","@graph":[{"@type":"WebPage","@id":"https:\/\/computree.onf.fr\/?page_id=711","url":"https:\/\/computree.onf.fr\/?page_id=711","name":"Aper\u00e7u - Computree","isPartOf":{"@id":"https:\/\/computree.onf.fr\/#website"},"datePublished":"2022-03-31T08:31:40+00:00","dateModified":"2022-09-07T15:08:14+00:00","breadcrumb":{"@id":"https:\/\/computree.onf.fr\/?page_id=711#breadcrumb"},"inLanguage":"fr-FR","potentialAction":[{"@type":"ReadAction","target":["https:\/\/computree.onf.fr\/?page_id=711"]}]},{"@type":"BreadcrumbList","@id":"https:\/\/computree.onf.fr\/?page_id=711#breadcrumb","itemListElement":[{"@type":"ListItem","position":1,"name":"Accueil","item":"https:\/\/computree.onf.fr\/?page_id=497"},{"@type":"ListItem","position":2,"name":"Aper\u00e7u"}]},{"@type":"WebSite","@id":"https:\/\/computree.onf.fr\/#website","url":"https:\/\/computree.onf.fr\/","name":"Computree","description":"","potentialAction":[{"@type":"SearchAction","target":{"@type":"EntryPoint","urlTemplate":"https:\/\/computree.onf.fr\/?s={search_term_string}"},"query-input":"required name=search_term_string"}],"inLanguage":"fr-FR"}]}},"_links":{"self":[{"href":"https:\/\/computree.onf.fr\/index.php?rest_route=\/wp\/v2\/pages\/711","targetHints":{"allow":["GET"]}}],"collection":[{"href":"https:\/\/computree.onf.fr\/index.php?rest_route=\/wp\/v2\/pages"}],"about":[{"href":"https:\/\/computree.onf.fr\/index.php?rest_route=\/wp\/v2\/types\/page"}],"author":[{"embeddable":true,"href":"https:\/\/computree.onf.fr\/index.php?rest_route=\/wp\/v2\/users\/1"}],"replies":[{"embeddable":true,"href":"https:\/\/computree.onf.fr\/index.php?rest_route=%2Fwp%2Fv2%2Fcomments&post=711"}],"version-history":[{"count":0,"href":"https:\/\/computree.onf.fr\/index.php?rest_route=\/wp\/v2\/pages\/711\/revisions"}],"wp:attachment":[{"href":"https:\/\/computree.onf.fr\/index.php?rest_route=%2Fwp%2Fv2%2Fmedia&parent=711"}],"wp:term":[{"taxonomy":"folder","embeddable":true,"href":"https:\/\/computree.onf.fr\/index.php?rest_route=%2Fwp%2Fv2%2Ffolder&post=711"}],"curies":[{"name":"wp","href":"https:\/\/api.w.org\/{rel}","templated":true}]}}