{"id":691,"date":"2022-03-30T08:24:52","date_gmt":"2022-03-30T07:24:52","guid":{"rendered":"http:\/\/computree.onf.fr\/?page_id=691"},"modified":"2024-01-26T10:54:34","modified_gmt":"2024-01-26T09:54:34","slug":"tutoriels","status":"publish","type":"page","link":"https:\/\/computree.onf.fr\/?page_id=691","title":{"rendered":"Tutoriels th\u00e9matiques"},"content":{"rendered":"<p>Cette page propose des cha\u00eenes de traitement classiques pour Computree, en les d\u00e9taillant pas \u00e0 pas.<\/p>\n<p><strong>Pour le moment le nombre de tutoriels est r\u00e9duit, mais cette section va s&rsquo;enrichir r\u00e9guli\u00e8rement durant l&rsquo;ann\u00e9e 2024.<\/strong><\/p>\n<h2 style=\"margin-top : 5px;\">Tutoriels LIDAR a\u00e9roport\u00e9<\/h2>\n<div style=\"display: grid; grid-template-columns: 1fr 5fr 1fr 1fr;gap: 0px 10px; justify-items: start; justify-content: start; align-items: center; align-content: center;\">\n<style id=\"bwg-style-0\">    #bwg_container1_0 #bwg_container2_0 .bwg-container-0.bwg-standard-thumbnails {      width: 254px;              justify-content: center;        margin:0 auto !important;              background-color: rgba(255, 255, 255, 0.00);            padding-left: 4px;      padding-top: 4px;      max-width: 100%;            }        #bwg_container1_0 #bwg_container2_0 .bwg-container-0.bwg-standard-thumbnails .bwg-item {    justify-content: flex-start;      max-width: 250px;          }    #bwg_container1_0 #bwg_container2_0 .bwg-container-0.bwg-standard-thumbnails .bwg-item a {       margin-right: 4px;       margin-bottom: 4px;    }    #bwg_container1_0 #bwg_container2_0 .bwg-container-0.bwg-standard-thumbnails .bwg-item0 {      padding: 0px;            background-color:rgba(0,0,0, 0.30);      border: 2px solid #FFFFFF;      opacity: 1.00;      border-radius: 0;      box-shadow: ;    }    #bwg_container1_0 #bwg_container2_0 .bwg-container-0.bwg-standard-thumbnails .bwg-item1 img {      max-height: none;      max-width: none;      padding: 0 !important;    }         @media only screen and (min-width: 480px) {\t\t#bwg_container1_0 #bwg_container2_0 .bwg-container-0.bwg-standard-thumbnails .bwg-item1 img {\t\t\t-webkit-transition: all .3s; transition: all .3s;\t\t}\t\t#bwg_container1_0 #bwg_container2_0 .bwg-container-0.bwg-standard-thumbnails .bwg-item1 img:hover {\t\t\t-ms-transform: scale(1.08);\t\t\t-webkit-transform: scale(1.08);\t\t\ttransform: scale(1.08);\t\t}\t\t      }\t    #bwg_container1_0 #bwg_container2_0 .bwg-container-0.bwg-standard-thumbnails .bwg-item1 {      padding-top: 56%;    }        #bwg_container1_0 #bwg_container2_0 .bwg-container-0.bwg-standard-thumbnails .bwg-title2,    #bwg_container1_0 #bwg_container2_0 .bwg-container-0.bwg-standard-thumbnails .bwg-ecommerce2 {      color: #323A45;      font-family: Ubuntu;      font-size: 16px;      font-weight: bold;      padding: 2px;      text-shadow: ;      max-height: 100%;    }    #bwg_container1_0 #bwg_container2_0 .bwg-container-0.bwg-standard-thumbnails .bwg-thumb-description span {    color: #323A45;    font-family: Ubuntu;    font-size: 12px;    max-height: 100%;    word-wrap: break-word;    }    #bwg_container1_0 #bwg_container2_0 .bwg-container-0.bwg-standard-thumbnails .bwg-play-icon2 {      font-size: 32px;    }    #bwg_container1_0 #bwg_container2_0 .bwg-container-0.bwg-standard-thumbnails .bwg-ecommerce2 {      font-size: 19.2px;      color: #323A45;    }    <\/style>    <div id=\"bwg_container1_0\"         class=\"bwg_container bwg_thumbnail bwg_thumbnails \"         data-right-click-protection=\"0\"         data-bwg=\"0\"         data-scroll=\"0\"         data-gallery-type=\"thumbnails\"         data-gallery-view-type=\"thumbnails\"         data-current-url=\"\/index.php?rest_route=%2Fwp%2Fv2%2Fpages%2F691\"         data-lightbox-url=\"https:\/\/computree.onf.fr\/wp-admin\/admin-ajax.php?action=GalleryBox&#038;current_view=0&#038;gallery_id=4&#038;tag=0&#038;theme_id=1&#038;shortcode_id=6&#038;sort_by=alt&#038;order_by=asc&#038;current_url=%2Findex.php%3Frest_route%3D%252Fwp%252Fv2%252Fpages%252F691\"         data-gallery-id=\"4\"         data-popup-width=\"800\"         data-popup-height=\"500\"         data-is-album=\"gallery\"         data-buttons-position=\"bottom\">      <div id=\"bwg_container2_0\">             <div id=\"ajax_loading_0\" class=\"bwg_loading_div_1\">      <div class=\"bwg_loading_div_2\">        <div class=\"bwg_loading_div_3\">          <div id=\"loading_div_0\" class=\"bwg_spider_ajax_loading\">          <\/div>        <\/div>      <\/div>    <\/div>            <form id=\"gal_front_form_0\"              class=\"bwg-hidden\"              method=\"post\"              action=\"#\"              data-current=\"0\"              data-shortcode-id=\"6\"              data-gallery-type=\"thumbnails\"              data-gallery-id=\"4\"              data-tag=\"0\"              data-album-id=\"0\"              data-theme-id=\"1\"              data-ajax-url=\"https:\/\/computree.onf.fr\/wp-admin\/admin-ajax.php?action=bwg_frontend_data\">          <div id=\"bwg_container3_0\" class=\"bwg-background bwg-background-0\">                <div data-max-count=\"1\"         data-thumbnail-width=\"250\"         data-bwg=\"0\"         data-gallery-id=\"4\"         data-lightbox-url=\"https:\/\/computree.onf.fr\/wp-admin\/admin-ajax.php?action=GalleryBox&amp;current_view=0&amp;gallery_id=4&amp;tag=0&amp;theme_id=1&amp;shortcode_id=6&amp;sort_by=alt&amp;order_by=asc&amp;current_url=%2Findex.php%3Frest_route%3D%252Fwp%252Fv2%252Fpages%252F691\"         id=\"bwg_thumbnails_0\"         class=\"bwg-container-0 bwg-thumbnails bwg-standard-thumbnails bwg-container bwg-border-box\">            <div class=\"bwg-item\">        <a class=\"bwg-a  bwg_lightbox\"  data-image-id=\"241\" href=\"https:\/\/computree.onf.fr\/wp-content\/uploads\/photo-gallery\/Tuto_ALS_01_FR\/Diapositive01.png?bwg=1669378126\" data-elementor-open-lightbox=\"no\">                <div class=\"bwg-item0 \">          <div class=\"bwg-item1 \">            <div class=\"bwg-item2\">              <img decoding=\"async\" class=\"skip-lazy bwg_standart_thumb_img_0 \"                   data-id=\"241\"                   data-width=\"500.00\"                   data-height=\"281.00\"                   data-src=\"https:\/\/computree.onf.fr\/wp-content\/uploads\/photo-gallery\/Tuto_ALS_01_FR\/thumb\/Diapositive01.png?bwg=1669378126\"                   src=\"https:\/\/computree.onf.fr\/wp-content\/uploads\/photo-gallery\/Tuto_ALS_01_FR\/thumb\/Diapositive01.png?bwg=1669378126\"                   alt=\"Diapositive01\"                   title=\"Diapositive01\" \/>            <\/div>            <div class=\"\">                                                      <\/div>          <\/div>        <\/div>                        <\/a>              <\/div>          <\/div>              <\/div>        <\/form>        <style>          #bwg_container1_0 #bwg_container2_0 #spider_popup_overlay_0 {          background-color: #EEEEEE;          opacity: 0.60;          }          <\/style>        <div id=\"bwg_spider_popup_loading_0\" class=\"bwg_spider_popup_loading\"><\/div>        <div id=\"spider_popup_overlay_0\" class=\"spider_popup_overlay\" onclick=\"spider_destroypopup(1000)\"><\/div>        <input type=\"hidden\" id=\"bwg_random_seed_0\" value=\"1053866633\">                <\/div>    <\/div>    <script>      if (document.readyState === 'complete') {        if( typeof bwg_main_ready == 'function' ) {          if ( jQuery(\"#bwg_container1_0\").height() ) {            bwg_main_ready(jQuery(\"#bwg_container1_0\"));          }        }      } else {        document.addEventListener('DOMContentLoaded', function() {          if( typeof bwg_main_ready == 'function' ) {            if ( jQuery(\"#bwg_container1_0\").height() ) {             bwg_main_ready(jQuery(\"#bwg_container1_0\"));            }          }        });      }    <\/script>    \n<h3 style=\"margin-top : 5px;\">Cr\u00e9ation de MNT, MNS et MNH<\/h3>\n<p><button onclick=\"window.open('https:\/\/computree.onf.fr?download=1686&#038;tmstv=1668783964')\" type=\"button\" class=\"button01\"><i class=\"ifas fas fa-download\"><\/i>PDF<\/button><\/p>\n<p><button onclick=\"location.href='https:\/\/computree.onf.fr?download=1689&#038;tmstv=1668784051'\" type=\"button\" class=\"button01\"><i class=\"ifas fas fa-download\"><\/i>Script<\/button><\/p>\n<\/div>\n<div style=\"display: grid; grid-template-columns: 1fr 5fr 1fr 1fr;gap: 0px 10px; justify-items: start; justify-content: start; align-items: center; align-content: center;\">\n<style id=\"bwg-style-1\">    #bwg_container1_1 #bwg_container2_1 .bwg-container-1.bwg-standard-thumbnails {      width: 254px;              justify-content: center;        margin:0 auto !important;              background-color: rgba(255, 255, 255, 0.00);            padding-left: 4px;      padding-top: 4px;      max-width: 100%;            }        #bwg_container1_1 #bwg_container2_1 .bwg-container-1.bwg-standard-thumbnails .bwg-item {    justify-content: flex-start;      max-width: 250px;          }    #bwg_container1_1 #bwg_container2_1 .bwg-container-1.bwg-standard-thumbnails .bwg-item a {       margin-right: 4px;       margin-bottom: 4px;    }    #bwg_container1_1 #bwg_container2_1 .bwg-container-1.bwg-standard-thumbnails .bwg-item0 {      padding: 0px;            background-color:rgba(0,0,0, 0.30);      border: 2px solid #FFFFFF;      opacity: 1.00;      border-radius: 0;      box-shadow: ;    }    #bwg_container1_1 #bwg_container2_1 .bwg-container-1.bwg-standard-thumbnails .bwg-item1 img {      max-height: none;      max-width: none;      padding: 0 !important;    }         @media only screen and (min-width: 480px) {\t\t#bwg_container1_1 #bwg_container2_1 .bwg-container-1.bwg-standard-thumbnails .bwg-item1 img {\t\t\t-webkit-transition: all .3s; transition: all .3s;\t\t}\t\t#bwg_container1_1 #bwg_container2_1 .bwg-container-1.bwg-standard-thumbnails .bwg-item1 img:hover {\t\t\t-ms-transform: scale(1.08);\t\t\t-webkit-transform: scale(1.08);\t\t\ttransform: scale(1.08);\t\t}\t\t      }\t    #bwg_container1_1 #bwg_container2_1 .bwg-container-1.bwg-standard-thumbnails .bwg-item1 {      padding-top: 56%;    }        #bwg_container1_1 #bwg_container2_1 .bwg-container-1.bwg-standard-thumbnails .bwg-title2,    #bwg_container1_1 #bwg_container2_1 .bwg-container-1.bwg-standard-thumbnails .bwg-ecommerce2 {      color: #323A45;      font-family: Ubuntu;      font-size: 16px;      font-weight: bold;      padding: 2px;      text-shadow: ;      max-height: 100%;    }    #bwg_container1_1 #bwg_container2_1 .bwg-container-1.bwg-standard-thumbnails .bwg-thumb-description span {    color: #323A45;    font-family: Ubuntu;    font-size: 12px;    max-height: 100%;    word-wrap: break-word;    }    #bwg_container1_1 #bwg_container2_1 .bwg-container-1.bwg-standard-thumbnails .bwg-play-icon2 {      font-size: 32px;    }    #bwg_container1_1 #bwg_container2_1 .bwg-container-1.bwg-standard-thumbnails .bwg-ecommerce2 {      font-size: 19.2px;      color: #323A45;    }    <\/style>    <div id=\"bwg_container1_1\"         class=\"bwg_container bwg_thumbnail bwg_thumbnails \"         data-right-click-protection=\"0\"         data-bwg=\"1\"         data-scroll=\"0\"         data-gallery-type=\"thumbnails\"         data-gallery-view-type=\"thumbnails\"         data-current-url=\"\/index.php?rest_route=%2Fwp%2Fv2%2Fpages%2F691\"         data-lightbox-url=\"https:\/\/computree.onf.fr\/wp-admin\/admin-ajax.php?action=GalleryBox&#038;current_view=1&#038;gallery_id=6&#038;tag=0&#038;theme_id=1&#038;shortcode_id=11&#038;sort_by=alt&#038;order_by=asc&#038;current_url=%2Findex.php%3Frest_route%3D%252Fwp%252Fv2%252Fpages%252F691\"         data-gallery-id=\"6\"         data-popup-width=\"800\"         data-popup-height=\"500\"         data-is-album=\"gallery\"         data-buttons-position=\"bottom\">      <div id=\"bwg_container2_1\">             <div id=\"ajax_loading_1\" class=\"bwg_loading_div_1\">      <div class=\"bwg_loading_div_2\">        <div class=\"bwg_loading_div_3\">          <div id=\"loading_div_1\" class=\"bwg_spider_ajax_loading\">          <\/div>        <\/div>      <\/div>    <\/div>            <form id=\"gal_front_form_1\"              class=\"bwg-hidden\"              method=\"post\"              action=\"#\"              data-current=\"1\"              data-shortcode-id=\"11\"              data-gallery-type=\"thumbnails\"              data-gallery-id=\"6\"              data-tag=\"0\"              data-album-id=\"0\"              data-theme-id=\"1\"              data-ajax-url=\"https:\/\/computree.onf.fr\/wp-admin\/admin-ajax.php?action=bwg_frontend_data\">          <div id=\"bwg_container3_1\" class=\"bwg-background bwg-background-1\">                <div data-max-count=\"1\"         data-thumbnail-width=\"250\"         data-bwg=\"1\"         data-gallery-id=\"6\"         data-lightbox-url=\"https:\/\/computree.onf.fr\/wp-admin\/admin-ajax.php?action=GalleryBox&amp;current_view=1&amp;gallery_id=6&amp;tag=0&amp;theme_id=1&amp;shortcode_id=11&amp;sort_by=alt&amp;order_by=asc&amp;current_url=%2Findex.php%3Frest_route%3D%252Fwp%252Fv2%252Fpages%252F691\"         id=\"bwg_thumbnails_1\"         class=\"bwg-container-1 bwg-thumbnails bwg-standard-thumbnails bwg-container bwg-border-box\">            <div class=\"bwg-item\">        <a class=\"bwg-a  bwg_lightbox\"  data-image-id=\"360\" href=\"https:\/\/computree.onf.fr\/wp-content\/uploads\/photo-gallery\/Tuto_ALS_02_FR\/Diapositive01.png?bwg=1669649165\" data-elementor-open-lightbox=\"no\">                <div class=\"bwg-item0 \">          <div class=\"bwg-item1 \">            <div class=\"bwg-item2\">              <img decoding=\"async\" class=\"skip-lazy bwg_standart_thumb_img_1 \"                   data-id=\"360\"                   data-width=\"500.00\"                   data-height=\"281.00\"                   data-src=\"https:\/\/computree.onf.fr\/wp-content\/uploads\/photo-gallery\/Tuto_ALS_02_FR\/thumb\/Diapositive01.png?bwg=1669649165\"                   src=\"https:\/\/computree.onf.fr\/wp-content\/uploads\/photo-gallery\/Tuto_ALS_02_FR\/thumb\/Diapositive01.png?bwg=1669649165\"                   alt=\"Diapositive01\"                   title=\"Diapositive01\" \/>            <\/div>            <div class=\"\">                                                      <\/div>          <\/div>        <\/div>                        <\/a>              <\/div>          <\/div>              <\/div>        <\/form>        <style>          #bwg_container1_1 #bwg_container2_1 #spider_popup_overlay_1 {          background-color: #EEEEEE;          opacity: 0.60;          }          <\/style>        <div id=\"bwg_spider_popup_loading_1\" class=\"bwg_spider_popup_loading\"><\/div>        <div id=\"spider_popup_overlay_1\" class=\"spider_popup_overlay\" onclick=\"spider_destroypopup(1000)\"><\/div>        <input type=\"hidden\" id=\"bwg_random_seed_1\" value=\"2092788955\">                <\/div>    <\/div>    <script>      if (document.readyState === 'complete') {        if( typeof bwg_main_ready == 'function' ) {          if ( jQuery(\"#bwg_container1_1\").height() ) {            bwg_main_ready(jQuery(\"#bwg_container1_1\"));          }        }      } else {        document.addEventListener('DOMContentLoaded', function() {          if( typeof bwg_main_ready == 'function' ) {            if ( jQuery(\"#bwg_container1_1\").height() ) {             bwg_main_ready(jQuery(\"#bwg_container1_1\"));            }          }        });      }    <\/script>    \n<h3 style=\"margin-top : 5px;\">Calcul d\u2019emprise<\/h3>\n<p><button onclick=\"window.open('https:\/\/computree.onf.fr?download=1738&#038;tmstv=1669649301')\" type=\"button\" class=\"button01\"><i class=\"ifas fas fa-download\"><\/i>PDF<\/button><\/p>\n<p><button onclick=\"location.href='https:\/\/computree.onf.fr?download=1740&#038;tmstv=1669649313'\" type=\"button\" class=\"button01\"><i class=\"ifas fas fa-download\"><\/i>Script<\/button><\/p>\n<\/div>\n<p>&nbsp;<\/p>\n<h2>Bient\u00f4t disponibles<\/h2>\n<ul>\n<li>ALS &#8211; Extraction de placettes<\/li>\n<li>ALS &#8211; Cr\u00e9ation d\u2019un MNT<\/li>\n<li>ALS &#8211; Segmentation des houppiers<\/li>\n<li>ALS &#8211; Segmentation des houppiers (par lots)<\/li>\n<li>ALS &#8211; Cartographie de m\u00e9triques surfaciques sur une emprise<\/li>\n<li>ALS &#8211; Calcul des m\u00e9triques surfaciques par placettes<\/li>\n<li>ALS &#8211; Conversion de formats<\/li>\n<li>TLS &#8211; D\u00e9tection de tiges, plugin ONF<\/li>\n<\/ul>\n","protected":false},"excerpt":{"rendered":"<p>Cette page propose des cha\u00eenes de traitement classiques pour Computree, en les d\u00e9taillant pas \u00e0 pas. Pour le moment le nombre de tutoriels est r\u00e9duit, mais cette section va s&rsquo;enrichir r\u00e9guli\u00e8rement durant l&rsquo;ann\u00e9e 2024. Tutoriels LIDAR a\u00e9roport\u00e9 Cr\u00e9ation de MNT, MNS et MNH PDF Script Calcul d\u2019emprise PDF Script &nbsp; Bient\u00f4t disponibles ALS &#8211; Extraction [&hellip;]<\/p>\n","protected":false},"author":1,"featured_media":0,"parent":0,"menu_order":0,"comment_status":"closed","ping_status":"closed","template":"","meta":{"ocean_post_layout":"","ocean_both_sidebars_style":"","ocean_both_sidebars_content_width":0,"ocean_both_sidebars_sidebars_width":0,"ocean_sidebar":"0","ocean_second_sidebar":"0","ocean_disable_margins":"enable","ocean_add_body_class":"","ocean_shortcode_before_top_bar":"","ocean_shortcode_after_top_bar":"","ocean_shortcode_before_header":"","ocean_shortcode_after_header":"","ocean_has_shortcode":"","ocean_shortcode_after_title":"","ocean_shortcode_before_footer_widgets":"","ocean_shortcode_after_footer_widgets":"","ocean_shortcode_before_footer_bottom":"","ocean_shortcode_after_footer_bottom":"","ocean_display_top_bar":"default","ocean_display_header":"default","ocean_header_style":"","ocean_center_header_left_menu":"0","ocean_custom_header_template":"0","ocean_custom_logo":0,"ocean_custom_retina_logo":0,"ocean_custom_logo_max_width":0,"ocean_custom_logo_tablet_max_width":0,"ocean_custom_logo_mobile_max_width":0,"ocean_custom_logo_max_height":0,"ocean_custom_logo_tablet_max_height":0,"ocean_custom_logo_mobile_max_height":0,"ocean_header_custom_menu":"0","ocean_menu_typo_font_family":"0","ocean_menu_typo_font_subset":"","ocean_menu_typo_font_size":0,"ocean_menu_typo_font_size_tablet":0,"ocean_menu_typo_font_size_mobile":0,"ocean_menu_typo_font_size_unit":"px","ocean_menu_typo_font_weight":"","ocean_menu_typo_font_weight_tablet":"","ocean_menu_typo_font_weight_mobile":"","ocean_menu_typo_transform":"","ocean_menu_typo_transform_tablet":"","ocean_menu_typo_transform_mobile":"","ocean_menu_typo_line_height":0,"ocean_menu_typo_line_height_tablet":0,"ocean_menu_typo_line_height_mobile":0,"ocean_menu_typo_line_height_unit":"","ocean_menu_typo_spacing":0,"ocean_menu_typo_spacing_tablet":0,"ocean_menu_typo_spacing_mobile":0,"ocean_menu_typo_spacing_unit":"","ocean_menu_link_color":"","ocean_menu_link_color_hover":"","ocean_menu_link_color_active":"","ocean_menu_link_background":"","ocean_menu_link_hover_background":"","ocean_menu_link_active_background":"","ocean_menu_social_links_bg":"","ocean_menu_social_hover_links_bg":"","ocean_menu_social_links_color":"","ocean_menu_social_hover_links_color":"","ocean_disable_title":"default","ocean_disable_heading":"default","ocean_post_title":"","ocean_post_subheading":"","ocean_post_title_style":"","ocean_post_title_background_color":"","ocean_post_title_background":0,"ocean_post_title_bg_image_position":"","ocean_post_title_bg_image_attachment":"","ocean_post_title_bg_image_repeat":"","ocean_post_title_bg_image_size":"","ocean_post_title_height":0,"ocean_post_title_bg_overlay":0.5,"ocean_post_title_bg_overlay_color":"","ocean_disable_breadcrumbs":"default","ocean_breadcrumbs_color":"","ocean_breadcrumbs_separator_color":"","ocean_breadcrumbs_links_color":"","ocean_breadcrumbs_links_hover_color":"","ocean_display_footer_widgets":"default","ocean_display_footer_bottom":"default","ocean_custom_footer_template":"0","footnotes":""},"folder":[137],"class_list":["post-691","page","type-page","status-publish","hentry","entry"],"yoast_head":"<!-- This site is optimized with the Yoast SEO plugin v22.6 - https:\/\/yoast.com\/wordpress\/plugins\/seo\/ -->\n<title>Tutoriels th\u00e9matiques - Computree<\/title>\n<meta name=\"robots\" content=\"index, follow, max-snippet:-1, max-image-preview:large, max-video-preview:-1\" \/>\n<link rel=\"canonical\" href=\"https:\/\/computree.onf.fr\/?page_id=691\" \/>\n<meta property=\"og:locale\" content=\"fr_FR\" \/>\n<meta property=\"og:type\" content=\"article\" \/>\n<meta property=\"og:title\" content=\"Tutoriels th\u00e9matiques - Computree\" \/>\n<meta property=\"og:description\" content=\"Cette page propose des cha\u00eenes de traitement classiques pour Computree, en les d\u00e9taillant pas \u00e0 pas. Pour le moment le nombre de tutoriels est r\u00e9duit, mais cette section va s&rsquo;enrichir r\u00e9guli\u00e8rement durant l&rsquo;ann\u00e9e 2024. Tutoriels LIDAR a\u00e9roport\u00e9 Cr\u00e9ation de MNT, MNS et MNH PDF Script Calcul d\u2019emprise PDF Script &nbsp; Bient\u00f4t disponibles ALS &#8211; Extraction [&hellip;]\" \/>\n<meta property=\"og:url\" content=\"https:\/\/computree.onf.fr\/?page_id=691\" \/>\n<meta property=\"og:site_name\" content=\"Computree\" \/>\n<meta property=\"article:modified_time\" content=\"2024-01-26T09:54:34+00:00\" \/>\n<meta name=\"twitter:card\" content=\"summary_large_image\" \/>\n<meta name=\"twitter:label1\" content=\"Dur\u00e9e de lecture estim\u00e9e\" \/>\n\t<meta name=\"twitter:data1\" content=\"1 minute\" \/>\n<script type=\"application\/ld+json\" class=\"yoast-schema-graph\">{\"@context\":\"https:\/\/schema.org\",\"@graph\":[{\"@type\":\"WebPage\",\"@id\":\"https:\/\/computree.onf.fr\/?page_id=691\",\"url\":\"https:\/\/computree.onf.fr\/?page_id=691\",\"name\":\"Tutoriels th\u00e9matiques - Computree\",\"isPartOf\":{\"@id\":\"https:\/\/computree.onf.fr\/#website\"},\"datePublished\":\"2022-03-30T07:24:52+00:00\",\"dateModified\":\"2024-01-26T09:54:34+00:00\",\"breadcrumb\":{\"@id\":\"https:\/\/computree.onf.fr\/?page_id=691#breadcrumb\"},\"inLanguage\":\"fr-FR\",\"potentialAction\":[{\"@type\":\"ReadAction\",\"target\":[\"https:\/\/computree.onf.fr\/?page_id=691\"]}]},{\"@type\":\"BreadcrumbList\",\"@id\":\"https:\/\/computree.onf.fr\/?page_id=691#breadcrumb\",\"itemListElement\":[{\"@type\":\"ListItem\",\"position\":1,\"name\":\"Accueil\",\"item\":\"https:\/\/computree.onf.fr\/?page_id=497\"},{\"@type\":\"ListItem\",\"position\":2,\"name\":\"Tutoriels th\u00e9matiques\"}]},{\"@type\":\"WebSite\",\"@id\":\"https:\/\/computree.onf.fr\/#website\",\"url\":\"https:\/\/computree.onf.fr\/\",\"name\":\"Computree\",\"description\":\"\",\"potentialAction\":[{\"@type\":\"SearchAction\",\"target\":{\"@type\":\"EntryPoint\",\"urlTemplate\":\"https:\/\/computree.onf.fr\/?s={search_term_string}\"},\"query-input\":\"required name=search_term_string\"}],\"inLanguage\":\"fr-FR\"}]}<\/script>\n<!-- \/ Yoast SEO plugin. -->","yoast_head_json":{"title":"Tutoriels th\u00e9matiques - Computree","robots":{"index":"index","follow":"follow","max-snippet":"max-snippet:-1","max-image-preview":"max-image-preview:large","max-video-preview":"max-video-preview:-1"},"canonical":"https:\/\/computree.onf.fr\/?page_id=691","og_locale":"fr_FR","og_type":"article","og_title":"Tutoriels th\u00e9matiques - Computree","og_description":"Cette page propose des cha\u00eenes de traitement classiques pour Computree, en les d\u00e9taillant pas \u00e0 pas. Pour le moment le nombre de tutoriels est r\u00e9duit, mais cette section va s&rsquo;enrichir r\u00e9guli\u00e8rement durant l&rsquo;ann\u00e9e 2024. Tutoriels LIDAR a\u00e9roport\u00e9 Cr\u00e9ation de MNT, MNS et MNH PDF Script Calcul d\u2019emprise PDF Script &nbsp; Bient\u00f4t disponibles ALS &#8211; Extraction [&hellip;]","og_url":"https:\/\/computree.onf.fr\/?page_id=691","og_site_name":"Computree","article_modified_time":"2024-01-26T09:54:34+00:00","twitter_card":"summary_large_image","twitter_misc":{"Dur\u00e9e de lecture estim\u00e9e":"1 minute"},"schema":{"@context":"https:\/\/schema.org","@graph":[{"@type":"WebPage","@id":"https:\/\/computree.onf.fr\/?page_id=691","url":"https:\/\/computree.onf.fr\/?page_id=691","name":"Tutoriels th\u00e9matiques - Computree","isPartOf":{"@id":"https:\/\/computree.onf.fr\/#website"},"datePublished":"2022-03-30T07:24:52+00:00","dateModified":"2024-01-26T09:54:34+00:00","breadcrumb":{"@id":"https:\/\/computree.onf.fr\/?page_id=691#breadcrumb"},"inLanguage":"fr-FR","potentialAction":[{"@type":"ReadAction","target":["https:\/\/computree.onf.fr\/?page_id=691"]}]},{"@type":"BreadcrumbList","@id":"https:\/\/computree.onf.fr\/?page_id=691#breadcrumb","itemListElement":[{"@type":"ListItem","position":1,"name":"Accueil","item":"https:\/\/computree.onf.fr\/?page_id=497"},{"@type":"ListItem","position":2,"name":"Tutoriels th\u00e9matiques"}]},{"@type":"WebSite","@id":"https:\/\/computree.onf.fr\/#website","url":"https:\/\/computree.onf.fr\/","name":"Computree","description":"","potentialAction":[{"@type":"SearchAction","target":{"@type":"EntryPoint","urlTemplate":"https:\/\/computree.onf.fr\/?s={search_term_string}"},"query-input":"required name=search_term_string"}],"inLanguage":"fr-FR"}]}},"_links":{"self":[{"href":"https:\/\/computree.onf.fr\/index.php?rest_route=\/wp\/v2\/pages\/691","targetHints":{"allow":["GET"]}}],"collection":[{"href":"https:\/\/computree.onf.fr\/index.php?rest_route=\/wp\/v2\/pages"}],"about":[{"href":"https:\/\/computree.onf.fr\/index.php?rest_route=\/wp\/v2\/types\/page"}],"author":[{"embeddable":true,"href":"https:\/\/computree.onf.fr\/index.php?rest_route=\/wp\/v2\/users\/1"}],"replies":[{"embeddable":true,"href":"https:\/\/computree.onf.fr\/index.php?rest_route=%2Fwp%2Fv2%2Fcomments&post=691"}],"version-history":[{"count":15,"href":"https:\/\/computree.onf.fr\/index.php?rest_route=\/wp\/v2\/pages\/691\/revisions"}],"predecessor-version":[{"id":1811,"href":"https:\/\/computree.onf.fr\/index.php?rest_route=\/wp\/v2\/pages\/691\/revisions\/1811"}],"wp:attachment":[{"href":"https:\/\/computree.onf.fr\/index.php?rest_route=%2Fwp%2Fv2%2Fmedia&parent=691"}],"wp:term":[{"taxonomy":"folder","embeddable":true,"href":"https:\/\/computree.onf.fr\/index.php?rest_route=%2Fwp%2Fv2%2Ffolder&post=691"}],"curies":[{"name":"wp","href":"https:\/\/api.w.org\/{rel}","templated":true}]}}