{"id":689,"date":"2022-03-30T08:24:42","date_gmt":"2022-03-30T07:24:42","guid":{"rendered":"http:\/\/computree.onf.fr\/?page_id=689"},"modified":"2022-11-03T15:01:48","modified_gmt":"2022-11-03T14:01:48","slug":"documentation-des-etapes","status":"publish","type":"page","link":"https:\/\/computree.onf.fr\/?page_id=689","title":{"rendered":"Documentation des \u00e9tapes"},"content":{"rendered":"<p>Chaque \u00e9tape de traitement propos\u00e9e par un plugin Computree dispose d&rsquo;une documentation associ\u00e9e. Cette documentation est de la responsabilit\u00e9 des d\u00e9veloppeurs de plugins, et est donc plus ou moins d\u00e9taill\u00e9e selon les cas.<\/p>\n<p>Elle est accessible directement dans l&rsquo;interface graphique de Computree, et est g\u00e9n\u00e9r\u00e9e au format HTML \u00e0 la premi\u00e8re utilisation du logiciel (dans la langue active). Elle est propos\u00e9e en Anglais, et optionnellement en fran\u00e7ais selon les plugins.<\/p>\n<h2>Comment acc\u00e9der \u00e0 la documentation des \u00e9tapes ?<\/h2>\n<h3>Dans le menu d&rsquo;ajout des \u00e9tapes<\/h3>\n<p>Un clic droit sur une \u00e9tape permet d&rsquo;ouvrir le menu contextuel.<br \/>\nDans ce menu, cliquer sur <em>Documentation de l&rsquo;\u00e9tape<\/em>.<br \/>\nCela permet d&rsquo;acc\u00e9der \u00e0 la page de documentation de l&rsquo;\u00e9tape s\u00e9lectionn\u00e9e.<\/p>\n<p><a href=\"https:\/\/computree.onf.fr\/wp-content\/uploads\/2022\/08\/aide_menu_etapes_FR.png\"><img loading=\"lazy\" decoding=\"async\" class=\"alignnone size-full wp-image-922\" src=\"https:\/\/computree.onf.fr\/wp-content\/uploads\/2022\/08\/aide_menu_etapes_FR.png\" alt=\"\" width=\"489\" height=\"418\" srcset=\"https:\/\/computree.onf.fr\/wp-content\/uploads\/2022\/08\/aide_menu_etapes_FR.png 489w, https:\/\/computree.onf.fr\/wp-content\/uploads\/2022\/08\/aide_menu_etapes_FR-300x256.png 300w\" sizes=\"auto, (max-width: 489px) 100vw, 489px\" \/><\/a><\/p>\n<h3>Directement dans la cha\u00eene de traitement<\/h3>\n<p>Un clic droit sur une \u00e9tape ajout\u00e9e permet d&rsquo;ouvrir le menu contextuel.<br \/>\nDans ce menu, cliquer sur <em>Documentation de l&rsquo;\u00e9tape<\/em>.<br \/>\nCela permet d&rsquo;acc\u00e9der \u00e0 la page de documentation de l&rsquo;\u00e9tape s\u00e9lectionn\u00e9e.<\/p>\n<p><a href=\"https:\/\/computree.onf.fr\/wp-content\/uploads\/2022\/08\/aide_etape_script_FR.png\"><img loading=\"lazy\" decoding=\"async\" class=\"alignnone size-full wp-image-920\" src=\"https:\/\/computree.onf.fr\/wp-content\/uploads\/2022\/08\/aide_etape_script_FR.png\" alt=\"\" width=\"564\" height=\"325\" srcset=\"https:\/\/computree.onf.fr\/wp-content\/uploads\/2022\/08\/aide_etape_script_FR.png 564w, https:\/\/computree.onf.fr\/wp-content\/uploads\/2022\/08\/aide_etape_script_FR-300x173.png 300w\" sizes=\"auto, (max-width: 564px) 100vw, 564px\" \/><\/a><\/p>\n<h3>Dans le menu aide<\/h3>\n<p>Dans le menu <em>Aide<\/em>, cliquer sur <em>Documentation des \u00e9tapes<\/em>.<br \/>\nCela permet d&rsquo;acc\u00e9der \u00e0 l&rsquo;index de la documentation des \u00e9tapes.<\/p>\n<p><a href=\"https:\/\/computree.onf.fr\/wp-content\/uploads\/2022\/08\/aide_menu_doc_FR.png\"><img loading=\"lazy\" decoding=\"async\" class=\"alignnone size-full wp-image-921\" src=\"https:\/\/computree.onf.fr\/wp-content\/uploads\/2022\/08\/aide_menu_doc_FR.png\" alt=\"\" width=\"539\" height=\"102\" srcset=\"https:\/\/computree.onf.fr\/wp-content\/uploads\/2022\/08\/aide_menu_doc_FR.png 539w, https:\/\/computree.onf.fr\/wp-content\/uploads\/2022\/08\/aide_menu_doc_FR-300x57.png 300w\" sizes=\"auto, (max-width: 539px) 100vw, 539px\" \/><\/a><\/p>\n<h3>Ouverture externe du fichier index HTML<\/h3>\n<p>Il est \u00e9galement possible d&rsquo;ouvrir directement les fichiers de documentation g\u00e9n\u00e9r\u00e9s.<br \/>\nPour cela, ouvrir le dossier <em>Computree\/doc_en<\/em> (documentation en anglais) ou <em>Computree\/doc_fr<\/em> (documentation en Fran\u00e7ais).<br \/>\nPuis ouvrir le fichier <em>index.html<\/em> dans un navigateur web.<\/p>\n<h2>Organisation de la documentation<\/h2>\n<p>Sur la partie gauche, un index des \u00e9tapes organis\u00e9 de la m\u00eame fa\u00e7on que le menu des \u00e9tapes permet de naviguer dans la documentation des \u00e9tapes.<\/p>\n<p>La documentation d&rsquo;une \u00e9tape inclus les sections suivantes :<\/p>\n<ul>\n<li><strong>Titre de la page<\/strong> : nom de l&rsquo;\u00e9tape, tel qu&rsquo;affich\u00e9 dans le menu des \u00e9tapes<\/li>\n<li><strong>Plugin<\/strong> : nom du plugin proposant cette \u00e9tape, avec un lien vers la page internet du plugin<\/li>\n<li><strong>Nom de classe<\/strong> : nom de la classe (code source) correspondant \u00e0 l&rsquo;\u00e9tape.<\/li>\n<li><strong>Description<\/strong> : decription du fonctionnement g\u00e9n\u00e9ral de l&rsquo;\u00e9tape<\/li>\n<li><strong>Param\u00e8tres<\/strong> : param\u00e8tres de l&rsquo;\u00e9tape pouvant \u00eatre modifi\u00e9s par l&rsquo;utilisateur lors de l&rsquo;ajout de l&rsquo;\u00e9tape<\/li>\n<li><strong>Donn\u00e9es d&rsquo;entr\u00e9e<\/strong> : donn\u00e9es n\u00e9cessaires en entr\u00e9e de l&rsquo;\u00e9tape<\/li>\n<li><strong>Donn\u00e9es de sortie<\/strong> : donn\u00e9es produites en sortie de l&rsquo;\u00e9tape<\/li>\n<li><strong>D\u00e9tails<\/strong> : informations compl\u00e9mentaires sur le fonctionnement d\u00e9taill\u00e9 de l&rsquo;\u00e9tape ou les cas d&rsquo;usage. Cette section n&rsquo;est pas toujours pr\u00e9sente, selon la complexit\u00e9 de l&rsquo;\u00e9tape, et le niveau de documentation propos\u00e9 par le d\u00e9veloppeur du plugin.<\/li>\n<\/ul>\n<h2>Re-g\u00e9n\u00e9rer la documentation<\/h2>\n<p>En cas de probl\u00e8me il est possible de re-cr\u00e9er l&rsquo;ensemble de la documentation.<br \/>\nPour cela, dans le menu <em>Aide<\/em>, cliquer sur <em>Recr\u00e9er la documentation des \u00e9tapes<\/em>.<\/p>\n<p><a href=\"https:\/\/computree.onf.fr\/wp-content\/uploads\/2022\/08\/aide_menu_recreer_FR.png\"><img loading=\"lazy\" decoding=\"async\" class=\"alignnone size-full wp-image-923\" src=\"https:\/\/computree.onf.fr\/wp-content\/uploads\/2022\/08\/aide_menu_recreer_FR.png\" alt=\"\" width=\"536\" height=\"98\" srcset=\"https:\/\/computree.onf.fr\/wp-content\/uploads\/2022\/08\/aide_menu_recreer_FR.png 536w, https:\/\/computree.onf.fr\/wp-content\/uploads\/2022\/08\/aide_menu_recreer_FR-300x55.png 300w\" sizes=\"auto, (max-width: 536px) 100vw, 536px\" \/><\/a><\/p>\n<p>Cette g\u00e9n\u00e9ration est faite automatiquemet lors du premier lancement de Computree, dans la langue active.<br \/>\nSi la langue active est modifi\u00e9e, la documentation dans la langue correspondante sera cr\u00e9\u00e9e au prochain d\u00e9marrage de Computree.<\/p>\n","protected":false},"excerpt":{"rendered":"<p>Chaque \u00e9tape de traitement propos\u00e9e par un plugin Computree dispose d&rsquo;une documentation associ\u00e9e. Cette documentation est de la responsabilit\u00e9 des d\u00e9veloppeurs de plugins, et est donc plus ou moins d\u00e9taill\u00e9e selon les cas. Elle est accessible directement dans l&rsquo;interface graphique de Computree, et est g\u00e9n\u00e9r\u00e9e au format HTML \u00e0 la premi\u00e8re utilisation du logiciel (dans [&hellip;]<\/p>\n","protected":false},"author":1,"featured_media":0,"parent":0,"menu_order":0,"comment_status":"closed","ping_status":"closed","template":"","meta":{"ocean_post_layout":"","ocean_both_sidebars_style":"","ocean_both_sidebars_content_width":0,"ocean_both_sidebars_sidebars_width":0,"ocean_sidebar":"0","ocean_second_sidebar":"0","ocean_disable_margins":"enable","ocean_add_body_class":"","ocean_shortcode_before_top_bar":"","ocean_shortcode_after_top_bar":"","ocean_shortcode_before_header":"","ocean_shortcode_after_header":"","ocean_has_shortcode":"","ocean_shortcode_after_title":"","ocean_shortcode_before_footer_widgets":"","ocean_shortcode_after_footer_widgets":"","ocean_shortcode_before_footer_bottom":"","ocean_shortcode_after_footer_bottom":"","ocean_display_top_bar":"default","ocean_display_header":"default","ocean_header_style":"","ocean_center_header_left_menu":"0","ocean_custom_header_template":"0","ocean_custom_logo":0,"ocean_custom_retina_logo":0,"ocean_custom_logo_max_width":0,"ocean_custom_logo_tablet_max_width":0,"ocean_custom_logo_mobile_max_width":0,"ocean_custom_logo_max_height":0,"ocean_custom_logo_tablet_max_height":0,"ocean_custom_logo_mobile_max_height":0,"ocean_header_custom_menu":"0","ocean_menu_typo_font_family":"0","ocean_menu_typo_font_subset":"","ocean_menu_typo_font_size":0,"ocean_menu_typo_font_size_tablet":0,"ocean_menu_typo_font_size_mobile":0,"ocean_menu_typo_font_size_unit":"px","ocean_menu_typo_font_weight":"","ocean_menu_typo_font_weight_tablet":"","ocean_menu_typo_font_weight_mobile":"","ocean_menu_typo_transform":"","ocean_menu_typo_transform_tablet":"","ocean_menu_typo_transform_mobile":"","ocean_menu_typo_line_height":0,"ocean_menu_typo_line_height_tablet":0,"ocean_menu_typo_line_height_mobile":0,"ocean_menu_typo_line_height_unit":"","ocean_menu_typo_spacing":0,"ocean_menu_typo_spacing_tablet":0,"ocean_menu_typo_spacing_mobile":0,"ocean_menu_typo_spacing_unit":"","ocean_menu_link_color":"","ocean_menu_link_color_hover":"","ocean_menu_link_color_active":"","ocean_menu_link_background":"","ocean_menu_link_hover_background":"","ocean_menu_link_active_background":"","ocean_menu_social_links_bg":"","ocean_menu_social_hover_links_bg":"","ocean_menu_social_links_color":"","ocean_menu_social_hover_links_color":"","ocean_disable_title":"default","ocean_disable_heading":"default","ocean_post_title":"","ocean_post_subheading":"","ocean_post_title_style":"","ocean_post_title_background_color":"","ocean_post_title_background":0,"ocean_post_title_bg_image_position":"","ocean_post_title_bg_image_attachment":"","ocean_post_title_bg_image_repeat":"","ocean_post_title_bg_image_size":"","ocean_post_title_height":0,"ocean_post_title_bg_overlay":0.5,"ocean_post_title_bg_overlay_color":"","ocean_disable_breadcrumbs":"default","ocean_breadcrumbs_color":"","ocean_breadcrumbs_separator_color":"","ocean_breadcrumbs_links_color":"","ocean_breadcrumbs_links_hover_color":"","ocean_display_footer_widgets":"default","ocean_display_footer_bottom":"default","ocean_custom_footer_template":"0","footnotes":""},"folder":[137],"class_list":["post-689","page","type-page","status-publish","hentry","entry"],"yoast_head":"<!-- This site is optimized with the Yoast SEO plugin v22.6 - https:\/\/yoast.com\/wordpress\/plugins\/seo\/ -->\n<title>Documentation des \u00e9tapes - Computree<\/title>\n<meta name=\"robots\" content=\"index, follow, max-snippet:-1, max-image-preview:large, max-video-preview:-1\" \/>\n<link rel=\"canonical\" href=\"https:\/\/computree.onf.fr\/?page_id=689\" \/>\n<meta property=\"og:locale\" content=\"fr_FR\" \/>\n<meta property=\"og:type\" content=\"article\" \/>\n<meta property=\"og:title\" content=\"Documentation des \u00e9tapes - Computree\" \/>\n<meta property=\"og:description\" content=\"Chaque \u00e9tape de traitement propos\u00e9e par un plugin Computree dispose d&rsquo;une documentation associ\u00e9e. Cette documentation est de la responsabilit\u00e9 des d\u00e9veloppeurs de plugins, et est donc plus ou moins d\u00e9taill\u00e9e selon les cas. Elle est accessible directement dans l&rsquo;interface graphique de Computree, et est g\u00e9n\u00e9r\u00e9e au format HTML \u00e0 la premi\u00e8re utilisation du logiciel (dans [&hellip;]\" \/>\n<meta property=\"og:url\" content=\"https:\/\/computree.onf.fr\/?page_id=689\" \/>\n<meta property=\"og:site_name\" content=\"Computree\" \/>\n<meta property=\"article:modified_time\" content=\"2022-11-03T14:01:48+00:00\" \/>\n<meta property=\"og:image\" content=\"https:\/\/computree.onf.fr\/wp-content\/uploads\/2022\/08\/aide_menu_etapes_FR.png\" \/>\n<meta name=\"twitter:card\" content=\"summary_large_image\" \/>\n<meta name=\"twitter:label1\" content=\"Dur\u00e9e de lecture estim\u00e9e\" \/>\n\t<meta name=\"twitter:data1\" content=\"3 minutes\" \/>\n<script type=\"application\/ld+json\" class=\"yoast-schema-graph\">{\"@context\":\"https:\/\/schema.org\",\"@graph\":[{\"@type\":\"WebPage\",\"@id\":\"https:\/\/computree.onf.fr\/?page_id=689\",\"url\":\"https:\/\/computree.onf.fr\/?page_id=689\",\"name\":\"Documentation des \u00e9tapes - Computree\",\"isPartOf\":{\"@id\":\"https:\/\/computree.onf.fr\/#website\"},\"primaryImageOfPage\":{\"@id\":\"https:\/\/computree.onf.fr\/?page_id=689#primaryimage\"},\"image\":{\"@id\":\"https:\/\/computree.onf.fr\/?page_id=689#primaryimage\"},\"thumbnailUrl\":\"https:\/\/computree.onf.fr\/wp-content\/uploads\/2022\/08\/aide_menu_etapes_FR.png\",\"datePublished\":\"2022-03-30T07:24:42+00:00\",\"dateModified\":\"2022-11-03T14:01:48+00:00\",\"breadcrumb\":{\"@id\":\"https:\/\/computree.onf.fr\/?page_id=689#breadcrumb\"},\"inLanguage\":\"fr-FR\",\"potentialAction\":[{\"@type\":\"ReadAction\",\"target\":[\"https:\/\/computree.onf.fr\/?page_id=689\"]}]},{\"@type\":\"ImageObject\",\"inLanguage\":\"fr-FR\",\"@id\":\"https:\/\/computree.onf.fr\/?page_id=689#primaryimage\",\"url\":\"https:\/\/computree.onf.fr\/wp-content\/uploads\/2022\/08\/aide_menu_etapes_FR.png\",\"contentUrl\":\"https:\/\/computree.onf.fr\/wp-content\/uploads\/2022\/08\/aide_menu_etapes_FR.png\"},{\"@type\":\"BreadcrumbList\",\"@id\":\"https:\/\/computree.onf.fr\/?page_id=689#breadcrumb\",\"itemListElement\":[{\"@type\":\"ListItem\",\"position\":1,\"name\":\"Accueil\",\"item\":\"https:\/\/computree.onf.fr\/?page_id=497\"},{\"@type\":\"ListItem\",\"position\":2,\"name\":\"Documentation des \u00e9tapes\"}]},{\"@type\":\"WebSite\",\"@id\":\"https:\/\/computree.onf.fr\/#website\",\"url\":\"https:\/\/computree.onf.fr\/\",\"name\":\"Computree\",\"description\":\"\",\"potentialAction\":[{\"@type\":\"SearchAction\",\"target\":{\"@type\":\"EntryPoint\",\"urlTemplate\":\"https:\/\/computree.onf.fr\/?s={search_term_string}\"},\"query-input\":\"required name=search_term_string\"}],\"inLanguage\":\"fr-FR\"}]}<\/script>\n<!-- \/ Yoast SEO plugin. -->","yoast_head_json":{"title":"Documentation des \u00e9tapes - Computree","robots":{"index":"index","follow":"follow","max-snippet":"max-snippet:-1","max-image-preview":"max-image-preview:large","max-video-preview":"max-video-preview:-1"},"canonical":"https:\/\/computree.onf.fr\/?page_id=689","og_locale":"fr_FR","og_type":"article","og_title":"Documentation des \u00e9tapes - Computree","og_description":"Chaque \u00e9tape de traitement propos\u00e9e par un plugin Computree dispose d&rsquo;une documentation associ\u00e9e. Cette documentation est de la responsabilit\u00e9 des d\u00e9veloppeurs de plugins, et est donc plus ou moins d\u00e9taill\u00e9e selon les cas. Elle est accessible directement dans l&rsquo;interface graphique de Computree, et est g\u00e9n\u00e9r\u00e9e au format HTML \u00e0 la premi\u00e8re utilisation du logiciel (dans [&hellip;]","og_url":"https:\/\/computree.onf.fr\/?page_id=689","og_site_name":"Computree","article_modified_time":"2022-11-03T14:01:48+00:00","og_image":[{"url":"https:\/\/computree.onf.fr\/wp-content\/uploads\/2022\/08\/aide_menu_etapes_FR.png"}],"twitter_card":"summary_large_image","twitter_misc":{"Dur\u00e9e de lecture estim\u00e9e":"3 minutes"},"schema":{"@context":"https:\/\/schema.org","@graph":[{"@type":"WebPage","@id":"https:\/\/computree.onf.fr\/?page_id=689","url":"https:\/\/computree.onf.fr\/?page_id=689","name":"Documentation des \u00e9tapes - Computree","isPartOf":{"@id":"https:\/\/computree.onf.fr\/#website"},"primaryImageOfPage":{"@id":"https:\/\/computree.onf.fr\/?page_id=689#primaryimage"},"image":{"@id":"https:\/\/computree.onf.fr\/?page_id=689#primaryimage"},"thumbnailUrl":"https:\/\/computree.onf.fr\/wp-content\/uploads\/2022\/08\/aide_menu_etapes_FR.png","datePublished":"2022-03-30T07:24:42+00:00","dateModified":"2022-11-03T14:01:48+00:00","breadcrumb":{"@id":"https:\/\/computree.onf.fr\/?page_id=689#breadcrumb"},"inLanguage":"fr-FR","potentialAction":[{"@type":"ReadAction","target":["https:\/\/computree.onf.fr\/?page_id=689"]}]},{"@type":"ImageObject","inLanguage":"fr-FR","@id":"https:\/\/computree.onf.fr\/?page_id=689#primaryimage","url":"https:\/\/computree.onf.fr\/wp-content\/uploads\/2022\/08\/aide_menu_etapes_FR.png","contentUrl":"https:\/\/computree.onf.fr\/wp-content\/uploads\/2022\/08\/aide_menu_etapes_FR.png"},{"@type":"BreadcrumbList","@id":"https:\/\/computree.onf.fr\/?page_id=689#breadcrumb","itemListElement":[{"@type":"ListItem","position":1,"name":"Accueil","item":"https:\/\/computree.onf.fr\/?page_id=497"},{"@type":"ListItem","position":2,"name":"Documentation des \u00e9tapes"}]},{"@type":"WebSite","@id":"https:\/\/computree.onf.fr\/#website","url":"https:\/\/computree.onf.fr\/","name":"Computree","description":"","potentialAction":[{"@type":"SearchAction","target":{"@type":"EntryPoint","urlTemplate":"https:\/\/computree.onf.fr\/?s={search_term_string}"},"query-input":"required name=search_term_string"}],"inLanguage":"fr-FR"}]}},"_links":{"self":[{"href":"https:\/\/computree.onf.fr\/index.php?rest_route=\/wp\/v2\/pages\/689","targetHints":{"allow":["GET"]}}],"collection":[{"href":"https:\/\/computree.onf.fr\/index.php?rest_route=\/wp\/v2\/pages"}],"about":[{"href":"https:\/\/computree.onf.fr\/index.php?rest_route=\/wp\/v2\/types\/page"}],"author":[{"embeddable":true,"href":"https:\/\/computree.onf.fr\/index.php?rest_route=\/wp\/v2\/users\/1"}],"replies":[{"embeddable":true,"href":"https:\/\/computree.onf.fr\/index.php?rest_route=%2Fwp%2Fv2%2Fcomments&post=689"}],"version-history":[{"count":2,"href":"https:\/\/computree.onf.fr\/index.php?rest_route=\/wp\/v2\/pages\/689\/revisions"}],"predecessor-version":[{"id":1489,"href":"https:\/\/computree.onf.fr\/index.php?rest_route=\/wp\/v2\/pages\/689\/revisions\/1489"}],"wp:attachment":[{"href":"https:\/\/computree.onf.fr\/index.php?rest_route=%2Fwp%2Fv2%2Fmedia&parent=689"}],"wp:term":[{"taxonomy":"folder","embeddable":true,"href":"https:\/\/computree.onf.fr\/index.php?rest_route=%2Fwp%2Fv2%2Ffolder&post=689"}],"curies":[{"name":"wp","href":"https:\/\/api.w.org\/{rel}","templated":true}]}}