{"id":625,"date":"2021-09-24T09:35:46","date_gmt":"2021-09-24T08:35:46","guid":{"rendered":"http:\/\/computree.onf.fr\/?page_id=625"},"modified":"2022-08-30T10:26:19","modified_gmt":"2022-08-30T09:26:19","slug":"plugins","status":"publish","type":"page","link":"https:\/\/computree.onf.fr\/?page_id=625","title":{"rendered":"Plugins disponibles"},"content":{"rendered":"<p>Le tableau ci-dessous recense les plugins Computree actuellement disponibles. Pour plus d&rsquo;informations sur un plugin cliquer sur son nom. <\/p>\n\n<table id=\"tablepress-3\" class=\"tablepress tablepress-id-3\">\n<thead>\n<tr class=\"row-1 odd\">\n\t<th class=\"column-1\">Plugin<\/th><th class=\"column-2\">Gestionnaire actuel<\/th><th class=\"column-3\">Description<\/th>\n<\/tr>\n<\/thead>\n<tbody class=\"row-hover\">\n<tr class=\"row-2 even\">\n\t<td class=\"column-1\"><button class=\"button-150px\" onclick=\"location.href='http:\/\/computree.onf.fr\/?page_id=939'\">Base<\/button><\/td><td class=\"column-2\">Grp Computree<\/td><td class=\"column-3\">Fonctionnalit\u00e9s g\u00e9n\u00e9riques de base (imports \/ exports, gestion du flux de traitement,...).<br \/>\nInclus dans les fonctionnalit\u00e9s centrales de Computree. <br \/>\n<em>Licence LGPL<\/em><\/td>\n<\/tr>\n<tr class=\"row-3 odd\">\n\t<td class=\"column-1\"><button class=\"button-150px\" onclick=\"location.href='http:\/\/computree.onf.fr\/?page_id=956'\">Toolkit<\/button><\/td><td class=\"column-2\">Grp Computree<\/td><td class=\"column-3\">Fonctionnalit\u00e9s g\u00e9n\u00e9riques de manipulation de nuages de points principalement. Inclus dans les fonctionnalit\u00e9s centrales de Computree. <br \/>\n<em>Licence LGPL<\/em><\/td>\n<\/tr>\n<tr class=\"row-4 even\">\n\t<td class=\"column-1\"><button class=\"button-150px\"  onclick=\"location.href='http:\/\/computree.onf.fr\/?page_id=965'\">LVOX<\/button><\/td><td class=\"column-2\">U. Sherbrooke<br \/>\nGrp Computree<\/td><td class=\"column-3\">Fonctionnalit\u00e9s de correction des occlusions par voxelisation de l'espace, calcul de Plant Area Density. Principalement traitement de donn\u00e9es LIDAR terrestre, mais extension \u00e0 d'autre types de donn\u00e9es \u00e0 venir. Inclus dans les fonctionnalit\u00e9s centrales de Computree. <br \/>\n<em>Licence LGPL<\/em><\/td>\n<\/tr>\n<tr class=\"row-5 odd\">\n\t<td class=\"column-1\"><button class=\"button-150px\"  onclick=\"location.href='http:\/\/computree.onf.fr\/?page_id=967'\">ONF<\/button><\/td><td class=\"column-2\">ONF<\/td><td class=\"column-3\">Nombreuses fonctionnalit\u00e9s pour l'analyse de donn\u00e9es LIDAR a\u00e9roport\u00e9 et LIDAR terrestre.  Inclus tous les travaux de l'ONF ayant un niveau de maturit\u00e9 jug\u00e9 suffisant. <br \/>\n<em>Licence LGPL<\/em><\/td>\n<\/tr>\n<tr class=\"row-6 even\">\n\t<td class=\"column-1\"><button class=\"button-150px\"  onclick=\"location.href='http:\/\/computree.onf.fr\/?page_id=970'\">ONF-DEV<\/button><\/td><td class=\"column-2\">ONF<\/td><td class=\"column-3\">Compl\u00e9ments au plugin ONF, incluant les travaux en cours de d\u00e9veloppement, \u00e0 un stade de mise au point. Les travaux de ce plugin sont bascul\u00e9s dans le plugin ONF quand ils sont suffisamment matures (ou publi\u00e9s). <br \/>\n<em>Utilisation libre. Code source non accessible.<\/em><\/td>\n<\/tr>\n<tr class=\"row-7 odd\">\n\t<td class=\"column-1\"><button class=\"button-150px\"  onclick=\"location.href='http:\/\/computree.onf.fr\/?page_id=972'\">SEGMA<\/button><\/td><td class=\"column-2\">ONF<\/td><td class=\"column-3\">Algorithme SEGMA, de segmentation des houppiers \u00e0 partir d'un mod\u00e8le num\u00e9rique de hauteur de canop\u00e9e.  Version adapt\u00e9e des travaux de Beno\u00eet Saint-Onge (pr\u00e9c\u00e9demment \u00e0 l'Universit\u00e9 du Qu\u00e9bec \u00e0 Montr\u00e9al), actuellement maintenu par l'ONF.<br \/>\n<em>Licence LGPL<\/em><br \/>\n<\/td>\n<\/tr>\n<tr class=\"row-8 even\">\n\t<td class=\"column-1\"><button class=\"button-150px\"  onclick=\"location.href='http:\/\/computree.onf.fr\/?page_id=974'\">MK<\/button><\/td><td class=\"column-2\">Michael Krebs<\/td><td class=\"column-3\">Principalement une M\u00e9thode de clustering de nuages de points, d\u00e9velopp\u00e9e par Michael Krebs. Utilis\u00e9 en conjonction avec le plugin ONF pour l'analyse de donn\u00e9es LIDAR terrestre. <br \/>\n<em>Licence LGPL<\/em><\/td>\n<\/tr>\n<tr class=\"row-9 odd\">\n\t<td class=\"column-1\"><button class=\"button-150px\"  onclick=\"location.href='http:\/\/computree.onf.fr\/?page_id=976'\">IGN-LIF<\/button><\/td><td class=\"column-2\">IGN<\/td><td class=\"column-3\">Travaux li\u00e9s \u00e0 la segmentation des houppiers, d\u00e9velopp\u00e9s par C\u00e9dric V\u00e9ga du laboratoire LIF de l'IGN. <br \/>\n<em>Licence LGPL<\/em><\/td>\n<\/tr>\n<tr class=\"row-10 even\">\n\t<td class=\"column-1\"><button class=\"button-150px\"  onclick=\"location.href='http:\/\/computree.onf.fr\/?page_id=978'\">SimpleForest<\/button><\/td><td class=\"column-2\">Jan Hackenberg<\/td><td class=\"column-3\">Algorithmes QSM (LIDAR terrestre) d\u00e9velopp\u00e9s par Jan Hackenberg sur la base de ses travaux de th\u00e8se de doctorat \u00e0 l'Universit\u00e9 de Freiburg, puis au laboratoire LIF de l'IGN en post-doc, et d\u00e9sormais \u00e0 titre ind\u00e9pendant. <br \/>\n<em>Licence LGPL<\/em><br \/>\n<em>Conversion en v6 de Computree en cours de finalisation.<\/em><\/td>\n<\/tr>\n<tr class=\"row-11 odd\">\n\t<td class=\"column-1\"><button class=\"button-150px\"  onclick=\"location.href='http:\/\/computree.onf.fr\/?page_id=981'\">AMS3D<\/button><\/td><td class=\"column-2\">UMR AMAP<\/td><td class=\"column-3\">R\u00e9-impl\u00e9mentation et adaptation des travaux d'Antonio Ferraz sur la segmentation de houppier dans des nuages de points LIDAR. Plugin cr\u00e9\u00e9 par M\u00e9laine Aubry-Kientz, \u00e0 l'UMR AMAP. <br \/>\n<em>Licence LGPL<\/em><\/td>\n<\/tr>\n<tr class=\"row-12 even\">\n\t<td class=\"column-1\"><button class=\"button-150px\"  onclick=\"location.href='http:\/\/computree.onf.fr\/?page_id=983'\">IFP-LSIS<\/button><\/td><td class=\"column-2\">Jules Morel<\/td><td class=\"column-3\">Algorithmes d'analyse de donn\u00e9es LIDAR terrestre : d\u00e9tection des points sols et cr\u00e9ation robuste de Mod\u00e8le Num\u00e9rique de Terrain. Correction g\u00e9om\u00e9trique de billons d\u00e9tect\u00e9s par des algorithmes QSM. Travaux de la th\u00e8se de doctorat de Jules Morel \u00e0 l'Institut Fran\u00e7ais \u00e0 Pondich\u00e9ry et au LSIS.<br \/>\n<em>Licence LGPL<\/em><\/td>\n<\/tr>\n<tr class=\"row-13 odd\">\n\t<td class=\"column-1\"><button class=\"button-150px\"  onclick=\"location.href='http:\/\/computree.onf.fr\/?page_id=985'\">ONF-LSIS<\/button><\/td><td class=\"column-2\">ONF<\/td><td class=\"column-3\">Utilis\u00e9 en conjonction avec le plugin ONF pour l'analyse de donn\u00e9es LIDAR terrestre. Travaux r\u00e9alis\u00e9s par Joris Ravaglia pour le compte de l'ONF.<br \/>\n<em>Licence LGPL<\/em><\/td>\n<\/tr>\n<tr class=\"row-14 even\">\n\t<td class=\"column-1\"><button class=\"button-150px\"  onclick=\"location.href='http:\/\/computree.onf.fr\/?page_id=987'\">UDES-LSIS<\/button><\/td><td class=\"column-2\">Joris Ravaglia<br \/>\nU. Sherbrooke<\/td><td class=\"column-3\">Travaux sur la segmentation et la reconstruction g\u00e9om\u00e9trique de troncs dans un nuages de points Lidar terrestre, bas\u00e9s sur les normales et des transform\u00e9es de Hough, algorithme STEP. Algorithmes de segmentation de houppiers (LIDAR terrestre). Travaux de la th\u00e8se de doctorat de Joris Ravaglia \u00e0 l'Universit\u00e9 de Sherbrooke et au LSIS.<br \/>\n<em>Licence LGPL<\/em><\/td>\n<\/tr>\n<tr class=\"row-15 odd\">\n\t<td class=\"column-1\"><button class=\"button-150px\"  onclick=\"location.href='http:\/\/computree.onf.fr\/?page_id=989'\">Silva<\/button><\/td><td class=\"column-2\">UMR Silva<\/td><td class=\"column-3\">Algorithmes d'analyse de la qualit\u00e9 de grumes \u00e0 partir de donn\u00e9es LIDAR Terrestre. Travaux de Thi\u00e9ry Constant de l'UMR Silva. Travaux de la th\u00e8se de doctorat de Van Tho Nguyen \u00e0 l'UMR Silva et au Loria (INRIA). <br \/>\n<em>Licence LGPL<\/em><br \/>\n<em>Conversion en v6 de Computree en cours de finalisation.<\/em><\/td>\n<\/tr>\n<tr class=\"row-16 even\">\n\t<td class=\"column-1\"><button class=\"button-150px\"  onclick=\"location.href='http:\/\/computree.onf.fr\/?page_id=991'\">Generate<\/button><\/td><td class=\"column-2\">Grp Computree<\/td><td class=\"column-3\">Plugin essentiellement utilis\u00e9 pour des tests : g\u00e9n\u00e9ration al\u00e9atoire de donn\u00e9es. Inclus dans les fonctionnalit\u00e9s centrales de Computree. <br \/>\n<em>Licence LGPL<\/em><\/td>\n<\/tr>\n<\/tbody>\n<\/table>\n<!-- #tablepress-3 from cache -->\n<p>&nbsp;<\/p>\n<p><strong>Si vous souhaitez d\u00e9velopper un plugin pour Computree (nouveaux travaux ou r\u00e9-impl\u00e9mentation de travaux existants), n&rsquo;h\u00e9sitez pas \u00e0 contacter l&rsquo;\u00e9quipe de gestion de la plateforme.<\/strong><\/p>\n","protected":false},"excerpt":{"rendered":"<p>Le tableau ci-dessous recense les plugins Computree actuellement disponibles. Pour plus d&rsquo;informations sur un plugin cliquer sur son nom. &nbsp; Si vous souhaitez d\u00e9velopper un plugin pour Computree (nouveaux travaux ou r\u00e9-impl\u00e9mentation de travaux existants), n&rsquo;h\u00e9sitez pas \u00e0 contacter l&rsquo;\u00e9quipe de gestion de la plateforme.<\/p>\n","protected":false},"author":1,"featured_media":0,"parent":0,"menu_order":0,"comment_status":"closed","ping_status":"closed","template":"","meta":{"ocean_post_layout":"","ocean_both_sidebars_style":"","ocean_both_sidebars_content_width":0,"ocean_both_sidebars_sidebars_width":0,"ocean_sidebar":"0","ocean_second_sidebar":"0","ocean_disable_margins":"enable","ocean_add_body_class":"","ocean_shortcode_before_top_bar":"","ocean_shortcode_after_top_bar":"","ocean_shortcode_before_header":"","ocean_shortcode_after_header":"","ocean_has_shortcode":"","ocean_shortcode_after_title":"","ocean_shortcode_before_footer_widgets":"","ocean_shortcode_after_footer_widgets":"","ocean_shortcode_before_footer_bottom":"","ocean_shortcode_after_footer_bottom":"","ocean_display_top_bar":"default","ocean_display_header":"default","ocean_header_style":"","ocean_center_header_left_menu":"0","ocean_custom_header_template":"0","ocean_custom_logo":0,"ocean_custom_retina_logo":0,"ocean_custom_logo_max_width":0,"ocean_custom_logo_tablet_max_width":0,"ocean_custom_logo_mobile_max_width":0,"ocean_custom_logo_max_height":0,"ocean_custom_logo_tablet_max_height":0,"ocean_custom_logo_mobile_max_height":0,"ocean_header_custom_menu":"0","ocean_menu_typo_font_family":"0","ocean_menu_typo_font_subset":"","ocean_menu_typo_font_size":0,"ocean_menu_typo_font_size_tablet":0,"ocean_menu_typo_font_size_mobile":0,"ocean_menu_typo_font_size_unit":"px","ocean_menu_typo_font_weight":"","ocean_menu_typo_font_weight_tablet":"","ocean_menu_typo_font_weight_mobile":"","ocean_menu_typo_transform":"","ocean_menu_typo_transform_tablet":"","ocean_menu_typo_transform_mobile":"","ocean_menu_typo_line_height":0,"ocean_menu_typo_line_height_tablet":0,"ocean_menu_typo_line_height_mobile":0,"ocean_menu_typo_line_height_unit":"","ocean_menu_typo_spacing":0,"ocean_menu_typo_spacing_tablet":0,"ocean_menu_typo_spacing_mobile":0,"ocean_menu_typo_spacing_unit":"","ocean_menu_link_color":"","ocean_menu_link_color_hover":"","ocean_menu_link_color_active":"","ocean_menu_link_background":"","ocean_menu_link_hover_background":"","ocean_menu_link_active_background":"","ocean_menu_social_links_bg":"","ocean_menu_social_hover_links_bg":"","ocean_menu_social_links_color":"","ocean_menu_social_hover_links_color":"","ocean_disable_title":"default","ocean_disable_heading":"default","ocean_post_title":"","ocean_post_subheading":"","ocean_post_title_style":"","ocean_post_title_background_color":"","ocean_post_title_background":0,"ocean_post_title_bg_image_position":"","ocean_post_title_bg_image_attachment":"","ocean_post_title_bg_image_repeat":"","ocean_post_title_bg_image_size":"","ocean_post_title_height":0,"ocean_post_title_bg_overlay":0.5,"ocean_post_title_bg_overlay_color":"","ocean_disable_breadcrumbs":"default","ocean_breadcrumbs_color":"","ocean_breadcrumbs_separator_color":"","ocean_breadcrumbs_links_color":"","ocean_breadcrumbs_links_hover_color":"","ocean_display_footer_widgets":"default","ocean_display_footer_bottom":"default","ocean_custom_footer_template":"0","footnotes":""},"folder":[137],"class_list":["post-625","page","type-page","status-publish","hentry","entry"],"yoast_head":"<!-- This site is optimized with the Yoast SEO plugin v22.6 - https:\/\/yoast.com\/wordpress\/plugins\/seo\/ -->\n<title>Plugins disponibles - Computree<\/title>\n<meta name=\"robots\" content=\"index, follow, max-snippet:-1, max-image-preview:large, max-video-preview:-1\" \/>\n<link rel=\"canonical\" href=\"https:\/\/computree.onf.fr\/?page_id=625\" \/>\n<meta property=\"og:locale\" content=\"fr_FR\" \/>\n<meta property=\"og:type\" content=\"article\" \/>\n<meta property=\"og:title\" content=\"Plugins disponibles - Computree\" \/>\n<meta property=\"og:description\" content=\"Le tableau ci-dessous recense les plugins Computree actuellement disponibles. Pour plus d&rsquo;informations sur un plugin cliquer sur son nom. &nbsp; Si vous souhaitez d\u00e9velopper un plugin pour Computree (nouveaux travaux ou r\u00e9-impl\u00e9mentation de travaux existants), n&rsquo;h\u00e9sitez pas \u00e0 contacter l&rsquo;\u00e9quipe de gestion de la plateforme.\" \/>\n<meta property=\"og:url\" content=\"https:\/\/computree.onf.fr\/?page_id=625\" \/>\n<meta property=\"og:site_name\" content=\"Computree\" \/>\n<meta property=\"article:modified_time\" content=\"2022-08-30T09:26:19+00:00\" \/>\n<meta name=\"twitter:card\" content=\"summary_large_image\" \/>\n<meta name=\"twitter:label1\" content=\"Dur\u00e9e de lecture estim\u00e9e\" \/>\n\t<meta name=\"twitter:data1\" content=\"1 minute\" \/>\n<script type=\"application\/ld+json\" class=\"yoast-schema-graph\">{\"@context\":\"https:\/\/schema.org\",\"@graph\":[{\"@type\":\"WebPage\",\"@id\":\"https:\/\/computree.onf.fr\/?page_id=625\",\"url\":\"https:\/\/computree.onf.fr\/?page_id=625\",\"name\":\"Plugins disponibles - Computree\",\"isPartOf\":{\"@id\":\"https:\/\/computree.onf.fr\/#website\"},\"datePublished\":\"2021-09-24T08:35:46+00:00\",\"dateModified\":\"2022-08-30T09:26:19+00:00\",\"breadcrumb\":{\"@id\":\"https:\/\/computree.onf.fr\/?page_id=625#breadcrumb\"},\"inLanguage\":\"fr-FR\",\"potentialAction\":[{\"@type\":\"ReadAction\",\"target\":[\"https:\/\/computree.onf.fr\/?page_id=625\"]}]},{\"@type\":\"BreadcrumbList\",\"@id\":\"https:\/\/computree.onf.fr\/?page_id=625#breadcrumb\",\"itemListElement\":[{\"@type\":\"ListItem\",\"position\":1,\"name\":\"Accueil\",\"item\":\"https:\/\/computree.onf.fr\/?page_id=497\"},{\"@type\":\"ListItem\",\"position\":2,\"name\":\"Plugins disponibles\"}]},{\"@type\":\"WebSite\",\"@id\":\"https:\/\/computree.onf.fr\/#website\",\"url\":\"https:\/\/computree.onf.fr\/\",\"name\":\"Computree\",\"description\":\"\",\"potentialAction\":[{\"@type\":\"SearchAction\",\"target\":{\"@type\":\"EntryPoint\",\"urlTemplate\":\"https:\/\/computree.onf.fr\/?s={search_term_string}\"},\"query-input\":\"required name=search_term_string\"}],\"inLanguage\":\"fr-FR\"}]}<\/script>\n<!-- \/ Yoast SEO plugin. -->","yoast_head_json":{"title":"Plugins disponibles - Computree","robots":{"index":"index","follow":"follow","max-snippet":"max-snippet:-1","max-image-preview":"max-image-preview:large","max-video-preview":"max-video-preview:-1"},"canonical":"https:\/\/computree.onf.fr\/?page_id=625","og_locale":"fr_FR","og_type":"article","og_title":"Plugins disponibles - Computree","og_description":"Le tableau ci-dessous recense les plugins Computree actuellement disponibles. Pour plus d&rsquo;informations sur un plugin cliquer sur son nom. &nbsp; Si vous souhaitez d\u00e9velopper un plugin pour Computree (nouveaux travaux ou r\u00e9-impl\u00e9mentation de travaux existants), n&rsquo;h\u00e9sitez pas \u00e0 contacter l&rsquo;\u00e9quipe de gestion de la plateforme.","og_url":"https:\/\/computree.onf.fr\/?page_id=625","og_site_name":"Computree","article_modified_time":"2022-08-30T09:26:19+00:00","twitter_card":"summary_large_image","twitter_misc":{"Dur\u00e9e de lecture estim\u00e9e":"1 minute"},"schema":{"@context":"https:\/\/schema.org","@graph":[{"@type":"WebPage","@id":"https:\/\/computree.onf.fr\/?page_id=625","url":"https:\/\/computree.onf.fr\/?page_id=625","name":"Plugins disponibles - Computree","isPartOf":{"@id":"https:\/\/computree.onf.fr\/#website"},"datePublished":"2021-09-24T08:35:46+00:00","dateModified":"2022-08-30T09:26:19+00:00","breadcrumb":{"@id":"https:\/\/computree.onf.fr\/?page_id=625#breadcrumb"},"inLanguage":"fr-FR","potentialAction":[{"@type":"ReadAction","target":["https:\/\/computree.onf.fr\/?page_id=625"]}]},{"@type":"BreadcrumbList","@id":"https:\/\/computree.onf.fr\/?page_id=625#breadcrumb","itemListElement":[{"@type":"ListItem","position":1,"name":"Accueil","item":"https:\/\/computree.onf.fr\/?page_id=497"},{"@type":"ListItem","position":2,"name":"Plugins disponibles"}]},{"@type":"WebSite","@id":"https:\/\/computree.onf.fr\/#website","url":"https:\/\/computree.onf.fr\/","name":"Computree","description":"","potentialAction":[{"@type":"SearchAction","target":{"@type":"EntryPoint","urlTemplate":"https:\/\/computree.onf.fr\/?s={search_term_string}"},"query-input":"required name=search_term_string"}],"inLanguage":"fr-FR"}]}},"_links":{"self":[{"href":"https:\/\/computree.onf.fr\/index.php?rest_route=\/wp\/v2\/pages\/625","targetHints":{"allow":["GET"]}}],"collection":[{"href":"https:\/\/computree.onf.fr\/index.php?rest_route=\/wp\/v2\/pages"}],"about":[{"href":"https:\/\/computree.onf.fr\/index.php?rest_route=\/wp\/v2\/types\/page"}],"author":[{"embeddable":true,"href":"https:\/\/computree.onf.fr\/index.php?rest_route=\/wp\/v2\/users\/1"}],"replies":[{"embeddable":true,"href":"https:\/\/computree.onf.fr\/index.php?rest_route=%2Fwp%2Fv2%2Fcomments&post=625"}],"version-history":[{"count":0,"href":"https:\/\/computree.onf.fr\/index.php?rest_route=\/wp\/v2\/pages\/625\/revisions"}],"wp:attachment":[{"href":"https:\/\/computree.onf.fr\/index.php?rest_route=%2Fwp%2Fv2%2Fmedia&parent=625"}],"wp:term":[{"taxonomy":"folder","embeddable":true,"href":"https:\/\/computree.onf.fr\/index.php?rest_route=%2Fwp%2Fv2%2Ffolder&post=625"}],"curies":[{"name":"wp","href":"https:\/\/api.w.org\/{rel}","templated":true}]}}