{"id":237,"date":"2014-01-23T14:41:43","date_gmt":"2014-01-23T13:41:43","guid":{"rendered":"http:\/\/computree.onf.fr\/?page_id=237"},"modified":"2014-01-23T15:50:11","modified_gmt":"2014-01-23T14:50:11","slug":"publications","status":"publish","type":"page","link":"https:\/\/computree.onf.fr\/?page_id=237","title":{"rendered":"Publications"},"content":{"rendered":"<h1>Revues scientifiques<\/h1>\n<ul>\n<li>Othmani, A., Lew Yan Voon, L.F.C., Stolz, C., Piboule, A., 2013.\u00a0<strong>Single tree species classification from Terrestrial Laser Scanning data for forest inventory<\/strong>.\u00a0<em>Pattern Recognition Letters<\/em>\u00a034, 2144\u20132150.<\/li>\n<\/ul>\n<h1>Conf\u00e9rences<\/h1>\n<ul>\n<li>Piboule, A., Krebs, M., Esclatine, L., Herv\u00e9, J.-C., 2013.\u00a0<strong>Computree: a collaborative platform for use of terrestrial lidar in dendrometry<\/strong>. Presented at the International IUFRO Conference MeMoWood, Nancy, France.<\/li>\n<\/ul>\n<ul>\n<li>Othmani, A., Lew Yan Voon, L.F.C., Stolz, C., Piboule, A., 2013.\u00a0<strong>Single tree species identification from T-LiDAR data based on 3D bark texture analysis for forest inventory<\/strong>. Presented at the International IUFRO Conference MeMoWood, Nancy, France.<\/li>\n<\/ul>\n<ul>\n<li>Ravaglia, J., Bac, A., Piboule, A., 2013.\u00a0<strong>Laser-Scanned Tree Stem Filtering for Forest Inventories Measurements<\/strong>. Presented at the Digital Heritage international congress, Marseille, France.<\/li>\n<\/ul>\n<ul>\n<li>Othmani, A., Piboule, A., Dalmau, O., Lomenie, N., Mokrani, S., Lew Yan Voon, L.F.C., 2013.\u00a0<strong>Tree species classification based on 3D bark texture analysis<\/strong>. Presented at the 16th Pacific Rim Symposium on Image and Video technology, Guanajuato, Mexico.<\/li>\n<\/ul>\n<ul>\n<li>Othmani, A., Piboule, A., Lew Yan Voon, L.F.C., 2013.\u00a0<strong>Hybrid segmentation of depth images using a watershed and region merging based method for tree species recognition<\/strong>. Presented at the 11th IEEE IVMSP Workshop\u202f: 3D Image\/Video Technologies and Applications, Yonsei University, Seoul, Korea.<\/li>\n<\/ul>\n<ul>\n<li>Othmani, A., Piboule, A., Krebs, M., Stolz, C., Lew Yan Voon, L.F.C., 2011.\u00a0<strong>Towards automated and operational forest inventories with T-LiDAR<\/strong>. Presented at the SilviLaser 2011 &#8211; 11th International Conference on LiDAR Applications for Assessing Forest Ecosystems, Hobart, Australia.<\/li>\n<\/ul>\n<h1>Articles de vulgarisation<\/h1>\n<ul>\n<li>Piboule, A., Krebs, M., Tricot, E., Colin, A., 2013.\u00a0<strong>Le Lidar terrestre : une technologie prometteuse pour l\u2019inventaire forestier<\/strong>.<em>Rendez-vous techniques ONF<\/em>\u00a039-40, 68\u201373.<\/li>\n<\/ul>\n<ul>\n<li>Constant, M., Dassot, M., Piboule, A., 2013.\u00a0<strong>Le Lidar terrestre : vers un inventaire en volume\u2026<\/strong>.\u00a0<em>Rendez-vous techniques ONF<\/em>\u00a039-40, 74\u201378.<\/li>\n<\/ul>\n<ul>\n<li>Piboule, A., Krebs, M., Tricot, E., Colin, A., 2013.\u00a0<strong>Le Lidar terrestre : prometteur pour l\u2019inventaire forestier<\/strong>.\u00a0<em>For\u00eat Entreprise<\/em>\u00a0211, 54\u201355.<\/li>\n<\/ul>\n<ul>\n<li>Constant, M., Dassot, M., Piboule, A., 2013.\u00a0<strong>Le Lidar terrestre : vers un inventaire en volume&#8230;<\/strong>.\u00a0<em>For\u00eat Entreprise<\/em>\u00a0211, 56\u201357.<\/li>\n<\/ul>\n<h1>Rapports<\/h1>\n<ul>\n<li>Esclatine, L., 2013.\u00a0<strong>Lidar terrestre et estimation du volume d\u2019arbres en for\u00eat : \u00e9valuation des algorithmes du logiciel Computree<\/strong>. Rapport de projet de fin d\u2019\u00e9tude, Arts et M\u00e9tiers Paritech, Cluny.<\/li>\n<\/ul>\n<ul>\n<li>Maillet, C., 2012.\u00a0<strong>Conception et constitution d\u2019une base de donn\u00e9es de scans laser terrestres et de donn\u00e9es foresti\u00e8res de validation<\/strong>. Rapport de projet de fin d\u2019\u00e9tude, Licence Professionnelle S.I.G. &#8211; Universit\u00e9 de La Rochelle.<\/li>\n<\/ul>\n<ul>\n<li>Colin, A., 2011.\u00a0<strong>\u00c9valuation de Computree, logiciel d\u2019inventaire forestier \u00e0 partir de scans laser terrestres<\/strong>. Rapport de projet de fin d\u2019\u00e9tude, Master FAGE, Biologie et Ecologie pour la For\u00eat, l\u2019Agronomie et l\u2019Environnement, Sp\u00e9cialit\u00e9 Fonctionnement et Gestion des Ecosyst\u00e8mes.<\/li>\n<\/ul>\n<ul>\n<li>Tricot, E., 2010.\u00a0<strong>Reconstitution d\u2019inventaires forestiers avec le scanner laser terrestre LiDAR<\/strong>. Rapport de projet de fin d\u2019\u00e9tude, Arts et M\u00e9tiers Paritech, Cluny.<\/li>\n<\/ul>\n","protected":false},"excerpt":{"rendered":"<p>Revues scientifiques Othmani, A., Lew Yan Voon, L.F.C., Stolz, C., Piboule, A., 2013.\u00a0Single tree species classification from Terrestrial Laser Scanning data for forest inventory.\u00a0Pattern Recognition Letters\u00a034, 2144\u20132150. Conf\u00e9rences Piboule, A., Krebs, M., Esclatine, L., Herv\u00e9, J.-C., 2013.\u00a0Computree: a collaborative platform for use of terrestrial lidar in dendrometry. Presented at the International IUFRO Conference MeMoWood, Nancy, [&hellip;]<\/p>\n","protected":false},"author":1,"featured_media":0,"parent":0,"menu_order":0,"comment_status":"closed","ping_status":"closed","template":"","meta":{"ocean_post_layout":"","ocean_both_sidebars_style":"","ocean_both_sidebars_content_width":0,"ocean_both_sidebars_sidebars_width":0,"ocean_sidebar":"","ocean_second_sidebar":"","ocean_disable_margins":"enable","ocean_add_body_class":"","ocean_shortcode_before_top_bar":"","ocean_shortcode_after_top_bar":"","ocean_shortcode_before_header":"","ocean_shortcode_after_header":"","ocean_has_shortcode":"","ocean_shortcode_after_title":"","ocean_shortcode_before_footer_widgets":"","ocean_shortcode_after_footer_widgets":"","ocean_shortcode_before_footer_bottom":"","ocean_shortcode_after_footer_bottom":"","ocean_display_top_bar":"default","ocean_display_header":"default","ocean_header_style":"","ocean_center_header_left_menu":"","ocean_custom_header_template":"","ocean_custom_logo":0,"ocean_custom_retina_logo":0,"ocean_custom_logo_max_width":0,"ocean_custom_logo_tablet_max_width":0,"ocean_custom_logo_mobile_max_width":0,"ocean_custom_logo_max_height":0,"ocean_custom_logo_tablet_max_height":0,"ocean_custom_logo_mobile_max_height":0,"ocean_header_custom_menu":"","ocean_menu_typo_font_family":"","ocean_menu_typo_font_subset":"","ocean_menu_typo_font_size":0,"ocean_menu_typo_font_size_tablet":0,"ocean_menu_typo_font_size_mobile":0,"ocean_menu_typo_font_size_unit":"px","ocean_menu_typo_font_weight":"","ocean_menu_typo_font_weight_tablet":"","ocean_menu_typo_font_weight_mobile":"","ocean_menu_typo_transform":"","ocean_menu_typo_transform_tablet":"","ocean_menu_typo_transform_mobile":"","ocean_menu_typo_line_height":0,"ocean_menu_typo_line_height_tablet":0,"ocean_menu_typo_line_height_mobile":0,"ocean_menu_typo_line_height_unit":"","ocean_menu_typo_spacing":0,"ocean_menu_typo_spacing_tablet":0,"ocean_menu_typo_spacing_mobile":0,"ocean_menu_typo_spacing_unit":"","ocean_menu_link_color":"","ocean_menu_link_color_hover":"","ocean_menu_link_color_active":"","ocean_menu_link_background":"","ocean_menu_link_hover_background":"","ocean_menu_link_active_background":"","ocean_menu_social_links_bg":"","ocean_menu_social_hover_links_bg":"","ocean_menu_social_links_color":"","ocean_menu_social_hover_links_color":"","ocean_disable_title":"default","ocean_disable_heading":"default","ocean_post_title":"","ocean_post_subheading":"","ocean_post_title_style":"","ocean_post_title_background_color":"","ocean_post_title_background":0,"ocean_post_title_bg_image_position":"","ocean_post_title_bg_image_attachment":"","ocean_post_title_bg_image_repeat":"","ocean_post_title_bg_image_size":"","ocean_post_title_height":0,"ocean_post_title_bg_overlay":0.5,"ocean_post_title_bg_overlay_color":"","ocean_disable_breadcrumbs":"default","ocean_breadcrumbs_color":"","ocean_breadcrumbs_separator_color":"","ocean_breadcrumbs_links_color":"","ocean_breadcrumbs_links_hover_color":"","ocean_display_footer_widgets":"default","ocean_display_footer_bottom":"default","ocean_custom_footer_template":"","footnotes":""},"folder":[136],"class_list":["post-237","page","type-page","status-publish","hentry","entry"],"yoast_head":"<!-- This site is optimized with the Yoast SEO plugin v22.6 - https:\/\/yoast.com\/wordpress\/plugins\/seo\/ -->\n<title>Publications - Computree<\/title>\n<meta name=\"robots\" content=\"index, follow, max-snippet:-1, max-image-preview:large, max-video-preview:-1\" \/>\n<link rel=\"canonical\" href=\"https:\/\/computree.onf.fr\/?page_id=237\" \/>\n<meta property=\"og:locale\" content=\"fr_FR\" \/>\n<meta property=\"og:type\" content=\"article\" \/>\n<meta property=\"og:title\" content=\"Publications - Computree\" \/>\n<meta property=\"og:description\" content=\"Revues scientifiques Othmani, A., Lew Yan Voon, L.F.C., Stolz, C., Piboule, A., 2013.\u00a0Single tree species classification from Terrestrial Laser Scanning data for forest inventory.\u00a0Pattern Recognition Letters\u00a034, 2144\u20132150. Conf\u00e9rences Piboule, A., Krebs, M., Esclatine, L., Herv\u00e9, J.-C., 2013.\u00a0Computree: a collaborative platform for use of terrestrial lidar in dendrometry. Presented at the International IUFRO Conference MeMoWood, Nancy, [&hellip;]\" \/>\n<meta property=\"og:url\" content=\"https:\/\/computree.onf.fr\/?page_id=237\" \/>\n<meta property=\"og:site_name\" content=\"Computree\" \/>\n<meta property=\"article:modified_time\" content=\"2014-01-23T14:50:11+00:00\" \/>\n<meta name=\"twitter:card\" content=\"summary_large_image\" \/>\n<meta name=\"twitter:label1\" content=\"Dur\u00e9e de lecture estim\u00e9e\" \/>\n\t<meta name=\"twitter:data1\" content=\"2 minutes\" \/>\n<script type=\"application\/ld+json\" class=\"yoast-schema-graph\">{\"@context\":\"https:\/\/schema.org\",\"@graph\":[{\"@type\":\"WebPage\",\"@id\":\"https:\/\/computree.onf.fr\/?page_id=237\",\"url\":\"https:\/\/computree.onf.fr\/?page_id=237\",\"name\":\"Publications - Computree\",\"isPartOf\":{\"@id\":\"https:\/\/computree.onf.fr\/#website\"},\"datePublished\":\"2014-01-23T13:41:43+00:00\",\"dateModified\":\"2014-01-23T14:50:11+00:00\",\"breadcrumb\":{\"@id\":\"https:\/\/computree.onf.fr\/?page_id=237#breadcrumb\"},\"inLanguage\":\"fr-FR\",\"potentialAction\":[{\"@type\":\"ReadAction\",\"target\":[\"https:\/\/computree.onf.fr\/?page_id=237\"]}]},{\"@type\":\"BreadcrumbList\",\"@id\":\"https:\/\/computree.onf.fr\/?page_id=237#breadcrumb\",\"itemListElement\":[{\"@type\":\"ListItem\",\"position\":1,\"name\":\"Accueil\",\"item\":\"https:\/\/computree.onf.fr\/?page_id=497\"},{\"@type\":\"ListItem\",\"position\":2,\"name\":\"Publications\"}]},{\"@type\":\"WebSite\",\"@id\":\"https:\/\/computree.onf.fr\/#website\",\"url\":\"https:\/\/computree.onf.fr\/\",\"name\":\"Computree\",\"description\":\"\",\"potentialAction\":[{\"@type\":\"SearchAction\",\"target\":{\"@type\":\"EntryPoint\",\"urlTemplate\":\"https:\/\/computree.onf.fr\/?s={search_term_string}\"},\"query-input\":\"required name=search_term_string\"}],\"inLanguage\":\"fr-FR\"}]}<\/script>\n<!-- \/ Yoast SEO plugin. -->","yoast_head_json":{"title":"Publications - Computree","robots":{"index":"index","follow":"follow","max-snippet":"max-snippet:-1","max-image-preview":"max-image-preview:large","max-video-preview":"max-video-preview:-1"},"canonical":"https:\/\/computree.onf.fr\/?page_id=237","og_locale":"fr_FR","og_type":"article","og_title":"Publications - Computree","og_description":"Revues scientifiques Othmani, A., Lew Yan Voon, L.F.C., Stolz, C., Piboule, A., 2013.\u00a0Single tree species classification from Terrestrial Laser Scanning data for forest inventory.\u00a0Pattern Recognition Letters\u00a034, 2144\u20132150. Conf\u00e9rences Piboule, A., Krebs, M., Esclatine, L., Herv\u00e9, J.-C., 2013.\u00a0Computree: a collaborative platform for use of terrestrial lidar in dendrometry. Presented at the International IUFRO Conference MeMoWood, Nancy, [&hellip;]","og_url":"https:\/\/computree.onf.fr\/?page_id=237","og_site_name":"Computree","article_modified_time":"2014-01-23T14:50:11+00:00","twitter_card":"summary_large_image","twitter_misc":{"Dur\u00e9e de lecture estim\u00e9e":"2 minutes"},"schema":{"@context":"https:\/\/schema.org","@graph":[{"@type":"WebPage","@id":"https:\/\/computree.onf.fr\/?page_id=237","url":"https:\/\/computree.onf.fr\/?page_id=237","name":"Publications - Computree","isPartOf":{"@id":"https:\/\/computree.onf.fr\/#website"},"datePublished":"2014-01-23T13:41:43+00:00","dateModified":"2014-01-23T14:50:11+00:00","breadcrumb":{"@id":"https:\/\/computree.onf.fr\/?page_id=237#breadcrumb"},"inLanguage":"fr-FR","potentialAction":[{"@type":"ReadAction","target":["https:\/\/computree.onf.fr\/?page_id=237"]}]},{"@type":"BreadcrumbList","@id":"https:\/\/computree.onf.fr\/?page_id=237#breadcrumb","itemListElement":[{"@type":"ListItem","position":1,"name":"Accueil","item":"https:\/\/computree.onf.fr\/?page_id=497"},{"@type":"ListItem","position":2,"name":"Publications"}]},{"@type":"WebSite","@id":"https:\/\/computree.onf.fr\/#website","url":"https:\/\/computree.onf.fr\/","name":"Computree","description":"","potentialAction":[{"@type":"SearchAction","target":{"@type":"EntryPoint","urlTemplate":"https:\/\/computree.onf.fr\/?s={search_term_string}"},"query-input":"required name=search_term_string"}],"inLanguage":"fr-FR"}]}},"_links":{"self":[{"href":"https:\/\/computree.onf.fr\/index.php?rest_route=\/wp\/v2\/pages\/237","targetHints":{"allow":["GET"]}}],"collection":[{"href":"https:\/\/computree.onf.fr\/index.php?rest_route=\/wp\/v2\/pages"}],"about":[{"href":"https:\/\/computree.onf.fr\/index.php?rest_route=\/wp\/v2\/types\/page"}],"author":[{"embeddable":true,"href":"https:\/\/computree.onf.fr\/index.php?rest_route=\/wp\/v2\/users\/1"}],"replies":[{"embeddable":true,"href":"https:\/\/computree.onf.fr\/index.php?rest_route=%2Fwp%2Fv2%2Fcomments&post=237"}],"version-history":[{"count":0,"href":"https:\/\/computree.onf.fr\/index.php?rest_route=\/wp\/v2\/pages\/237\/revisions"}],"wp:attachment":[{"href":"https:\/\/computree.onf.fr\/index.php?rest_route=%2Fwp%2Fv2%2Fmedia&parent=237"}],"wp:term":[{"taxonomy":"folder","embeddable":true,"href":"https:\/\/computree.onf.fr\/index.php?rest_route=%2Fwp%2Fv2%2Ffolder&post=237"}],"curies":[{"name":"wp","href":"https:\/\/api.w.org\/{rel}","templated":true}]}}