{"id":1358,"date":"2021-09-24T09:35:46","date_gmt":"2021-09-24T08:35:46","guid":{"rendered":"http:\/\/computree.onf.fr\/?page_id=625"},"modified":"2022-09-16T10:46:05","modified_gmt":"2022-09-16T09:46:05","slug":"plugins-2","status":"publish","type":"page","link":"https:\/\/computree.onf.fr\/?page_id=1358","title":{"rendered":"Available plugins"},"content":{"rendered":"<p>The table below lists the Computree plugins currently available. For more information about a plugin click on its name. <\/p>\n\n<table id=\"tablepress-4\" class=\"tablepress tablepress-id-4\">\n<thead>\n<tr class=\"row-1 odd\">\n\t<th class=\"column-1\">Plugin<\/th><th class=\"column-2\">Current plugin manager<\/th><th class=\"column-3\">Description<\/th>\n<\/tr>\n<\/thead>\n<tbody class=\"row-hover\">\n<tr class=\"row-2 even\">\n\t<td class=\"column-1\"><button class=\"button-150px\" onclick=\"location.href='http:\/\/computree.onf.fr\/?page_id=1344'\">Base<\/button><\/td><td class=\"column-2\">Computree Grp<\/td><td class=\"column-3\">Basic generic functionalities (import\/export, processing flow management,...). Included in the core functionality of Computree. <br \/>\n<em>Licence LGPL<\/em><\/td>\n<\/tr>\n<tr class=\"row-3 odd\">\n\t<td class=\"column-1\"><button class=\"button-150px\" onclick=\"location.href='http:\/\/computree.onf.fr\/?page_id=1356'\">Toolkit<\/button><\/td><td class=\"column-2\">Computree Grp<\/td><td class=\"column-3\">Generic point cloud manipulation features mainly. Included in the core functionality of Computree.  <br \/>\n<em>Licence LGPL<\/em><\/td>\n<\/tr>\n<tr class=\"row-4 even\">\n\t<td class=\"column-1\"><button class=\"button-150px\"  onclick=\"location.href='http:\/\/computree.onf.fr\/?page_id=1348'\">LVOX<\/button><\/td><td class=\"column-2\">U. Sherbrooke<br \/>\nComputree Grp<\/td><td class=\"column-3\">Occlusion correction features by voxelisation of space, Plant Area Density calculation. Mainly terrestrial LIDAR data processing, but extension to other data types to come. Included in the core functionality of Computree. <br \/>\n<em>Licence LGPL<\/em><\/td>\n<\/tr>\n<tr class=\"row-5 odd\">\n\t<td class=\"column-1\"><button class=\"button-150px\"  onclick=\"location.href='http:\/\/computree.onf.fr\/?page_id=1350'\">ONF<\/button><\/td><td class=\"column-2\">ONF<\/td><td class=\"column-3\">Extensive functionality for analysis of airborne and terrestrial LIDAR data.  Includes all ONF work that has a sufficient level of maturity. <br \/>\n<em>Licence LGPL<\/em><\/td>\n<\/tr>\n<tr class=\"row-6 even\">\n\t<td class=\"column-1\"><button class=\"button-150px\"  onclick=\"location.href='http:\/\/computree.onf.fr\/?page_id=1351'\">ONF-DEV<\/button><\/td><td class=\"column-2\">ONF<\/td><td class=\"column-3\">Additions to the ONF plugin, including work in progress, at a development stage. Work from this plugin is switched to the ONF plugin when sufficiently mature (or published). <br \/>\n<em>Free use. Source code not accessible.<\/em><\/td>\n<\/tr>\n<tr class=\"row-7 odd\">\n\t<td class=\"column-1\"><button class=\"button-150px\"  onclick=\"location.href='http:\/\/computree.onf.fr\/?page_id=1353'\">SEGMA<\/button><\/td><td class=\"column-2\">ONF<\/td><td class=\"column-3\">SEGMA algorithm for segmentation of tree crowns from a digital canopy height model.  Version adapted from the work of Beno\u00eet Saint-Onge (previously at the Universit\u00e9 du Qu\u00e9bec \u00e0 Montr\u00e9al), currently maintained by the ONF.<br \/>\n<em>Licence LGPL<\/em><br \/>\n<\/td>\n<\/tr>\n<tr class=\"row-8 even\">\n\t<td class=\"column-1\"><button class=\"button-150px\"  onclick=\"location.href='http:\/\/computree.onf.fr\/?page_id=1349'\">MK<\/button><\/td><td class=\"column-2\">Michael Krebs<\/td><td class=\"column-3\">Mainly a Point Cloud Clustering Method, developed by Michael Krebs. Used in conjunction with the ONF plugin for terrestrial LIDAR data analysis. <br \/>\n<em>Licence LGPL<\/em><\/td>\n<\/tr>\n<tr class=\"row-9 odd\">\n\t<td class=\"column-1\"><button class=\"button-150px\"  onclick=\"location.href='http:\/\/computree.onf.fr\/?page_id=1347'\">IGN-LIF<\/button><\/td><td class=\"column-2\">IGN<\/td><td class=\"column-3\">Work related to the segmentation of tree crowns, developed by C\u00e9dric V\u00e9ga of the IGN's LIF laboratory. <br \/>\n<em>Licence LGPL<\/em><\/td>\n<\/tr>\n<tr class=\"row-10 even\">\n\t<td class=\"column-1\"><button class=\"button-150px\"  onclick=\"location.href='http:\/\/computree.onf.fr\/?page_id=1355'\">SimpleForest<\/button><\/td><td class=\"column-2\">Jan Hackenberg<\/td><td class=\"column-3\">QSM algorithms (terrestrial LIDAR) developed by Jan Hackenberg on the basis of his doctoral thesis work at the University of Freiburg, then at the IGN's LIF laboratory as a post-doc, and now independently. <br \/>\n<em>Licence LGPL<\/em><br \/>\n<em>Conversion to Computree v6 in progress.<\/em><\/td>\n<\/tr>\n<tr class=\"row-11 odd\">\n\t<td class=\"column-1\"><button class=\"button-150px\"  onclick=\"location.href='http:\/\/computree.onf.fr\/?page_id=1343'\">AMS3D<\/button><\/td><td class=\"column-2\">UMR AMAP<\/td><td class=\"column-3\">Re-implementation and adaptation of Antonio Ferraz's work on the segmentation of tree crowns in LIDAR point clouds. Plugin created by M\u00e9laine Aubry-Kientz, at UMR AMAP. <br \/>\n<em>Licence LGPL<\/em><\/td>\n<\/tr>\n<tr class=\"row-12 even\">\n\t<td class=\"column-1\"><button class=\"button-150px\"  onclick=\"location.href='http:\/\/computree.onf.fr\/?page_id=1346'\">IFP-LSIS<\/button><\/td><td class=\"column-2\">Jules Morel<\/td><td class=\"column-3\">Analysis algorithms for terrestrial LIDAR data: detection of ground points and robust creation of Digital Terrain Models. Geometric correction of detected ridges by QSM algorithms. Work of the PhD thesis of Jules Morel at the French Institute in Pondicherry and at the LSIS.<br \/>\n<em>Licence LGPL<\/em><\/td>\n<\/tr>\n<tr class=\"row-13 odd\">\n\t<td class=\"column-1\"><button class=\"button-150px\"  onclick=\"location.href='http:\/\/computree.onf.fr\/?page_id=1352'\">ONF-LSIS<\/button><\/td><td class=\"column-2\">ONF<\/td><td class=\"column-3\">Used in conjunction with the ONF plugin for the analysis of terrestrial LIDAR data. Work carried out by Joris Ravaglia for the ONF.<br \/>\n<em>Licence LGPL<\/em><\/td>\n<\/tr>\n<tr class=\"row-14 even\">\n\t<td class=\"column-1\"><button class=\"button-150px\"  onclick=\"location.href='http:\/\/computree.onf.fr\/?page_id=1357'\">UDES-LSIS<\/button><\/td><td class=\"column-2\">Joris Ravaglia<br \/>\nU. Sherbrooke<\/td><td class=\"column-3\">Work on segmentation and geometric reconstruction of trunks in a terrestrial Lidar point cloud, based on normals and Hough transforms, STEP algorithm. Algorithms for trunk segmentation (terrestrial LIDAR). Work on the PhD thesis of Joris Ravaglia at the University of Sherbrooke and at the LSIS.<br \/>\n<em>Licence LGPL<\/em><\/td>\n<\/tr>\n<tr class=\"row-15 odd\">\n\t<td class=\"column-1\"><button class=\"button-150px\"  onclick=\"location.href='http:\/\/computree.onf.fr\/?page_id=1354'\">Silva<\/button><\/td><td class=\"column-2\">UMR Silva<\/td><td class=\"column-3\">Log quality analysis algorithms from terrestrial LIDAR data. Work of Thi\u00e9ry Constant at UMR Silva. Work on the doctoral thesis of Van Tho Nguyen at UMR Silva and Loria (INRIA). <br \/>\n<em>Licence LGPL<\/em><br \/>\n<em>Conversion to Computree v6 in progress.<\/em><\/td>\n<\/tr>\n<tr class=\"row-16 even\">\n\t<td class=\"column-1\"><button class=\"button-150px\"  onclick=\"location.href='http:\/\/computree.onf.fr\/?page_id=1345'\">Generate<\/button><\/td><td class=\"column-2\">Computree Grp<\/td><td class=\"column-3\">Plugin mainly used for tests: random data generation. Included in the core functionality of Computree. <br \/>\n<em>Licence LGPL<\/em><\/td>\n<\/tr>\n<\/tbody>\n<\/table>\n\n<p>\u00a0<\/p>\n<p><strong>If you want to develop a plugin for Computree (new work or re-implementation of existing work), do not hesitate to contact the platform management team.<\/strong><\/p>\n","protected":false},"excerpt":{"rendered":"<p>The table below lists the Computree plugins currently available. For more information about a plugin click on its name. \u00a0 If you want to develop a plugin for Computree (new work or re-implementation of existing work), do not hesitate to contact the platform management team.<\/p>\n","protected":false},"author":1,"featured_media":0,"parent":0,"menu_order":0,"comment_status":"closed","ping_status":"closed","template":"","meta":{"ocean_post_layout":"","ocean_both_sidebars_style":"","ocean_both_sidebars_content_width":0,"ocean_both_sidebars_sidebars_width":0,"ocean_sidebar":"0","ocean_second_sidebar":"0","ocean_disable_margins":"enable","ocean_add_body_class":"","ocean_shortcode_before_top_bar":"","ocean_shortcode_after_top_bar":"","ocean_shortcode_before_header":"","ocean_shortcode_after_header":"","ocean_has_shortcode":"","ocean_shortcode_after_title":"","ocean_shortcode_before_footer_widgets":"","ocean_shortcode_after_footer_widgets":"","ocean_shortcode_before_footer_bottom":"","ocean_shortcode_after_footer_bottom":"","ocean_display_top_bar":"default","ocean_display_header":"default","ocean_header_style":"","ocean_center_header_left_menu":"0","ocean_custom_header_template":"0","ocean_custom_logo":0,"ocean_custom_retina_logo":0,"ocean_custom_logo_max_width":0,"ocean_custom_logo_tablet_max_width":0,"ocean_custom_logo_mobile_max_width":0,"ocean_custom_logo_max_height":0,"ocean_custom_logo_tablet_max_height":0,"ocean_custom_logo_mobile_max_height":0,"ocean_header_custom_menu":"0","ocean_menu_typo_font_family":"0","ocean_menu_typo_font_subset":"","ocean_menu_typo_font_size":0,"ocean_menu_typo_font_size_tablet":0,"ocean_menu_typo_font_size_mobile":0,"ocean_menu_typo_font_size_unit":"px","ocean_menu_typo_font_weight":"","ocean_menu_typo_font_weight_tablet":"","ocean_menu_typo_font_weight_mobile":"","ocean_menu_typo_transform":"","ocean_menu_typo_transform_tablet":"","ocean_menu_typo_transform_mobile":"","ocean_menu_typo_line_height":0,"ocean_menu_typo_line_height_tablet":0,"ocean_menu_typo_line_height_mobile":0,"ocean_menu_typo_line_height_unit":"","ocean_menu_typo_spacing":0,"ocean_menu_typo_spacing_tablet":0,"ocean_menu_typo_spacing_mobile":0,"ocean_menu_typo_spacing_unit":"","ocean_menu_link_color":"","ocean_menu_link_color_hover":"","ocean_menu_link_color_active":"","ocean_menu_link_background":"","ocean_menu_link_hover_background":"","ocean_menu_link_active_background":"","ocean_menu_social_links_bg":"","ocean_menu_social_hover_links_bg":"","ocean_menu_social_links_color":"","ocean_menu_social_hover_links_color":"","ocean_disable_title":"default","ocean_disable_heading":"default","ocean_post_title":"","ocean_post_subheading":"","ocean_post_title_style":"","ocean_post_title_background_color":"","ocean_post_title_background":0,"ocean_post_title_bg_image_position":"","ocean_post_title_bg_image_attachment":"","ocean_post_title_bg_image_repeat":"","ocean_post_title_bg_image_size":"","ocean_post_title_height":0,"ocean_post_title_bg_overlay":0.5,"ocean_post_title_bg_overlay_color":"","ocean_disable_breadcrumbs":"default","ocean_breadcrumbs_color":"","ocean_breadcrumbs_separator_color":"","ocean_breadcrumbs_links_color":"","ocean_breadcrumbs_links_hover_color":"","ocean_display_footer_widgets":"default","ocean_display_footer_bottom":"default","ocean_custom_footer_template":"0","footnotes":""},"folder":[137],"class_list":["post-1358","page","type-page","status-publish","hentry","entry"],"yoast_head":"<!-- This site is optimized with the Yoast SEO plugin v22.6 - https:\/\/yoast.com\/wordpress\/plugins\/seo\/ -->\n<title>Available plugins - Computree<\/title>\n<meta name=\"robots\" content=\"index, follow, max-snippet:-1, max-image-preview:large, max-video-preview:-1\" \/>\n<link rel=\"canonical\" href=\"https:\/\/computree.onf.fr\/?page_id=1358\" \/>\n<meta property=\"og:locale\" content=\"fr_FR\" \/>\n<meta property=\"og:type\" content=\"article\" \/>\n<meta property=\"og:title\" content=\"Available plugins - Computree\" \/>\n<meta property=\"og:description\" content=\"The table below lists the Computree plugins currently available. For more information about a plugin click on its name. \u00a0 If you want to develop a plugin for Computree (new work or re-implementation of existing work), do not hesitate to contact the platform management team.\" \/>\n<meta property=\"og:url\" content=\"https:\/\/computree.onf.fr\/?page_id=1358\" \/>\n<meta property=\"og:site_name\" content=\"Computree\" \/>\n<meta property=\"article:modified_time\" content=\"2022-09-16T09:46:05+00:00\" \/>\n<meta name=\"twitter:card\" content=\"summary_large_image\" \/>\n<meta name=\"twitter:label1\" content=\"Dur\u00e9e de lecture estim\u00e9e\" \/>\n\t<meta name=\"twitter:data1\" content=\"1 minute\" \/>\n<script type=\"application\/ld+json\" class=\"yoast-schema-graph\">{\"@context\":\"https:\/\/schema.org\",\"@graph\":[{\"@type\":\"WebPage\",\"@id\":\"https:\/\/computree.onf.fr\/?page_id=1358\",\"url\":\"https:\/\/computree.onf.fr\/?page_id=1358\",\"name\":\"Available plugins - Computree\",\"isPartOf\":{\"@id\":\"https:\/\/computree.onf.fr\/#website\"},\"datePublished\":\"2021-09-24T08:35:46+00:00\",\"dateModified\":\"2022-09-16T09:46:05+00:00\",\"breadcrumb\":{\"@id\":\"https:\/\/computree.onf.fr\/?page_id=1358#breadcrumb\"},\"inLanguage\":\"fr-FR\",\"potentialAction\":[{\"@type\":\"ReadAction\",\"target\":[\"https:\/\/computree.onf.fr\/?page_id=1358\"]}]},{\"@type\":\"BreadcrumbList\",\"@id\":\"https:\/\/computree.onf.fr\/?page_id=1358#breadcrumb\",\"itemListElement\":[{\"@type\":\"ListItem\",\"position\":1,\"name\":\"Accueil\",\"item\":\"https:\/\/computree.onf.fr\/?page_id=497\"},{\"@type\":\"ListItem\",\"position\":2,\"name\":\"Available plugins\"}]},{\"@type\":\"WebSite\",\"@id\":\"https:\/\/computree.onf.fr\/#website\",\"url\":\"https:\/\/computree.onf.fr\/\",\"name\":\"Computree\",\"description\":\"\",\"potentialAction\":[{\"@type\":\"SearchAction\",\"target\":{\"@type\":\"EntryPoint\",\"urlTemplate\":\"https:\/\/computree.onf.fr\/?s={search_term_string}\"},\"query-input\":\"required name=search_term_string\"}],\"inLanguage\":\"fr-FR\"}]}<\/script>\n<!-- \/ Yoast SEO plugin. -->","yoast_head_json":{"title":"Available plugins - Computree","robots":{"index":"index","follow":"follow","max-snippet":"max-snippet:-1","max-image-preview":"max-image-preview:large","max-video-preview":"max-video-preview:-1"},"canonical":"https:\/\/computree.onf.fr\/?page_id=1358","og_locale":"fr_FR","og_type":"article","og_title":"Available plugins - Computree","og_description":"The table below lists the Computree plugins currently available. For more information about a plugin click on its name. \u00a0 If you want to develop a plugin for Computree (new work or re-implementation of existing work), do not hesitate to contact the platform management team.","og_url":"https:\/\/computree.onf.fr\/?page_id=1358","og_site_name":"Computree","article_modified_time":"2022-09-16T09:46:05+00:00","twitter_card":"summary_large_image","twitter_misc":{"Dur\u00e9e de lecture estim\u00e9e":"1 minute"},"schema":{"@context":"https:\/\/schema.org","@graph":[{"@type":"WebPage","@id":"https:\/\/computree.onf.fr\/?page_id=1358","url":"https:\/\/computree.onf.fr\/?page_id=1358","name":"Available plugins - Computree","isPartOf":{"@id":"https:\/\/computree.onf.fr\/#website"},"datePublished":"2021-09-24T08:35:46+00:00","dateModified":"2022-09-16T09:46:05+00:00","breadcrumb":{"@id":"https:\/\/computree.onf.fr\/?page_id=1358#breadcrumb"},"inLanguage":"fr-FR","potentialAction":[{"@type":"ReadAction","target":["https:\/\/computree.onf.fr\/?page_id=1358"]}]},{"@type":"BreadcrumbList","@id":"https:\/\/computree.onf.fr\/?page_id=1358#breadcrumb","itemListElement":[{"@type":"ListItem","position":1,"name":"Accueil","item":"https:\/\/computree.onf.fr\/?page_id=497"},{"@type":"ListItem","position":2,"name":"Available plugins"}]},{"@type":"WebSite","@id":"https:\/\/computree.onf.fr\/#website","url":"https:\/\/computree.onf.fr\/","name":"Computree","description":"","potentialAction":[{"@type":"SearchAction","target":{"@type":"EntryPoint","urlTemplate":"https:\/\/computree.onf.fr\/?s={search_term_string}"},"query-input":"required name=search_term_string"}],"inLanguage":"fr-FR"}]}},"_links":{"self":[{"href":"https:\/\/computree.onf.fr\/index.php?rest_route=\/wp\/v2\/pages\/1358","targetHints":{"allow":["GET"]}}],"collection":[{"href":"https:\/\/computree.onf.fr\/index.php?rest_route=\/wp\/v2\/pages"}],"about":[{"href":"https:\/\/computree.onf.fr\/index.php?rest_route=\/wp\/v2\/types\/page"}],"author":[{"embeddable":true,"href":"https:\/\/computree.onf.fr\/index.php?rest_route=\/wp\/v2\/users\/1"}],"replies":[{"embeddable":true,"href":"https:\/\/computree.onf.fr\/index.php?rest_route=%2Fwp%2Fv2%2Fcomments&post=1358"}],"version-history":[{"count":0,"href":"https:\/\/computree.onf.fr\/index.php?rest_route=\/wp\/v2\/pages\/1358\/revisions"}],"wp:attachment":[{"href":"https:\/\/computree.onf.fr\/index.php?rest_route=%2Fwp%2Fv2%2Fmedia&parent=1358"}],"wp:term":[{"taxonomy":"folder","embeddable":true,"href":"https:\/\/computree.onf.fr\/index.php?rest_route=%2Fwp%2Fv2%2Ffolder&post=1358"}],"curies":[{"name":"wp","href":"https:\/\/api.w.org\/{rel}","templated":true}]}}